{"id":13,"date":"2023-06-26T21:17:04","date_gmt":"2023-06-26T19:17:04","guid":{"rendered":"https:\/\/covintec.com\/?page_id=13"},"modified":"2026-03-17T10:32:43","modified_gmt":"2026-03-17T15:32:43","slug":"cursos","status":"publish","type":"page","link":"https:\/\/covintec.com\/en\/cursos\/","title":{"rendered":"Courses"},"content":{"rendered":"<div data-elementor-type=\"wp-page\" data-elementor-id=\"13\" class=\"elementor elementor-13\" data-elementor-post-type=\"page\">\n\t\t\t\t<div class=\"elementor-element elementor-element-9bf1fc2 e-con-full e-flex e-con e-parent\" data-id=\"9bf1fc2\" data-element_type=\"container\" data-e-type=\"container\" data-settings=\"{&quot;background_background&quot;:&quot;classic&quot;}\">\n\t\t\t\t<div class=\"elementor-element elementor-element-259e54a elementor-invisible elementor-widget elementor-widget-elementskit-heading\" data-id=\"259e54a\" data-element_type=\"widget\" data-e-type=\"widget\" data-settings=\"{&quot;_animation&quot;:&quot;fadeInDown&quot;}\" data-widget_type=\"elementskit-heading.default\">\n\t\t\t\t<div class=\"elementor-widget-container\">\n\t\t\t\t\t<div class=\"ekit-wid-con\" ><div class=\"ekit-heading elementskit-section-title-wraper text_center   ekit_heading_tablet-   ekit_heading_mobile-\"><h3 class=\"elementskit-section-subtitle\">\n\t\t\t\t\t\tCAPACITA A TU EQUIPO\n\t\t\t\t\t<\/h3><h2 class=\"ekit-heading--title elementskit-section-title\">CURSOS<\/h2>\t\t\t\t<div class='ekit-heading__description'>\n\t\t\t\t\t<p>Train your team with us on site or in installations and in this way be able to take full advantage of our construction system, achieving the greatest efficiency in your next project.<\/p>\n\t\t\t\t<\/div>\n\t\t\t<\/div><\/div>\t\t\t\t<\/div>\n\t\t\t\t<\/div>\n\t\t\t\t<\/div>\n\t\t<div class=\"elementor-element elementor-element-4bc8476 e-flex e-con-boxed e-con e-parent\" data-id=\"4bc8476\" data-element_type=\"container\" data-e-type=\"container\" data-settings=\"{&quot;background_background&quot;:&quot;classic&quot;}\">\n\t\t\t\t\t<div class=\"e-con-inner\">\n\t\t\t\t<div class=\"elementor-element elementor-element-5f124f0 elementor-invisible elementor-widget elementor-widget-elementskit-heading\" data-id=\"5f124f0\" data-element_type=\"widget\" data-e-type=\"widget\" data-settings=\"{&quot;_animation&quot;:&quot;fadeInDown&quot;}\" data-widget_type=\"elementskit-heading.default\">\n\t\t\t\t<div class=\"elementor-widget-container\">\n\t\t\t\t\t<div class=\"ekit-wid-con\" ><div class=\"ekit-heading elementskit-section-title-wraper text_center   ekit_heading_tablet-   ekit_heading_mobile-\"><h2 class=\"ekit-heading--title elementskit-section-title\">PR\u00d3XIMOS CURSOS COVINTEC<\/h2><\/div><\/div>\t\t\t\t<\/div>\n\t\t\t\t<\/div>\n\t\t\t\t\t<\/div>\n\t\t\t\t<\/div>\n\t\t\t\t<section class=\"elementor-section elementor-top-section elementor-element elementor-element-f656054 elementor-section-content-middle elementor-section-boxed elementor-section-height-default elementor-section-height-default\" data-id=\"f656054\" data-element_type=\"section\" data-e-type=\"section\">\n\t\t\t\t\t\t<div class=\"elementor-container elementor-column-gap-default\">\n\t\t\t\t\t<div class=\"elementor-column elementor-col-50 elementor-top-column elementor-element elementor-element-28dddf0\" data-id=\"28dddf0\" data-element_type=\"column\" data-e-type=\"column\">\n\t\t\t<div class=\"elementor-widget-wrap elementor-element-populated\">\n\t\t\t\t\t\t<div class=\"elementor-element elementor-element-ce084db elementor-invisible elementor-widget elementor-widget-elementskit-heading\" data-id=\"ce084db\" data-element_type=\"widget\" data-e-type=\"widget\" data-settings=\"{&quot;_animation&quot;:&quot;fadeInDown&quot;}\" data-widget_type=\"elementskit-heading.default\">\n\t\t\t\t<div class=\"elementor-widget-container\">\n\t\t\t\t\t<div class=\"ekit-wid-con\" ><div class=\"ekit-heading elementskit-section-title-wraper text_left   ekit_heading_tablet-   ekit_heading_mobile-\"><h2 class=\"ekit-heading--title elementskit-section-title\">CUANTIFICACI\u00d3N DE MATERIALES COVINTEC<\/h2>\t\t\t\t<div class='ekit-heading__description'>\n\t\t\t\t\t<p>Jueves, 19 Marzo 4:00 \u2013 5:30 pm.<\/p>\n<p>Zona horaria: America\/Mexico City.<\/p>\n\t\t\t\t<\/div>\n\t\t\t<\/div><\/div>\t\t\t\t<\/div>\n\t\t\t\t<\/div>\n\t\t\t\t<div class=\"elementor-element elementor-element-c55e860 elementor-align--mobilecenter elementor-hidden-mobile elementor-align-center elementor-widget elementor-widget-elementskit-button\" data-id=\"c55e860\" data-element_type=\"widget\" data-e-type=\"widget\" data-widget_type=\"elementskit-button.default\">\n\t\t\t\t<div class=\"elementor-widget-container\">\n\t\t\t\t\t<div class=\"ekit-wid-con\" >\t\t<div class=\"ekit-btn-wraper\">\n\t\t\t\t\t\t\t<a href=\"https:\/\/meet.google.com\/ycc-zski-vwf\" target=\"_blank\" class=\"elementskit-btn  whitespace--normal\" id=\"\">\n\t\t\t\t\tIngresa por Google Meet\t\t\t\t<\/a>\n\t\t\t\t\t<\/div>\n        <\/div>\t\t\t\t<\/div>\n\t\t\t\t<\/div>\n\t\t\t\t\t<\/div>\n\t\t<\/div>\n\t\t\t\t<div class=\"elementor-column elementor-col-50 elementor-top-column elementor-element elementor-element-3bf4262\" data-id=\"3bf4262\" data-element_type=\"column\" data-e-type=\"column\">\n\t\t\t<div class=\"elementor-widget-wrap elementor-element-populated\">\n\t\t\t\t\t\t<div class=\"elementor-element elementor-element-8912c4d elementor-invisible elementor-widget elementor-widget-image\" data-id=\"8912c4d\" data-element_type=\"widget\" data-e-type=\"widget\" data-settings=\"{&quot;_animation&quot;:&quot;fadeInDown&quot;}\" data-widget_type=\"image.default\">\n\t\t\t\t<div class=\"elementor-widget-container\">\n\t\t\t\t\t\t\t\t\t\t\t\t\t\t\t<img fetchpriority=\"high\" decoding=\"async\" width=\"800\" height=\"800\" src=\"https:\/\/covintec.com\/wp-content\/uploads\/2026\/03\/67b9b586-0455-4416-a003-752c346f2ef3-1024x1024.jpg\" class=\"attachment-large size-large wp-image-8343\" alt=\"\" srcset=\"https:\/\/covintec.com\/wp-content\/uploads\/2026\/03\/67b9b586-0455-4416-a003-752c346f2ef3-1024x1024.jpg 1024w, https:\/\/covintec.com\/wp-content\/uploads\/2026\/03\/67b9b586-0455-4416-a003-752c346f2ef3-300x300.jpg 300w, https:\/\/covintec.com\/wp-content\/uploads\/2026\/03\/67b9b586-0455-4416-a003-752c346f2ef3-150x150.jpg 150w, https:\/\/covintec.com\/wp-content\/uploads\/2026\/03\/67b9b586-0455-4416-a003-752c346f2ef3-768x768.jpg 768w, https:\/\/covintec.com\/wp-content\/uploads\/2026\/03\/67b9b586-0455-4416-a003-752c346f2ef3-12x12.jpg 12w, https:\/\/covintec.com\/wp-content\/uploads\/2026\/03\/67b9b586-0455-4416-a003-752c346f2ef3-600x600.jpg 600w, https:\/\/covintec.com\/wp-content\/uploads\/2026\/03\/67b9b586-0455-4416-a003-752c346f2ef3-100x100.jpg 100w, https:\/\/covintec.com\/wp-content\/uploads\/2026\/03\/67b9b586-0455-4416-a003-752c346f2ef3.jpg 1080w\" sizes=\"(max-width: 800px) 100vw, 800px\" \/>\t\t\t\t\t\t\t\t\t\t\t\t\t\t\t<\/div>\n\t\t\t\t<\/div>\n\t\t\t\t\t<\/div>\n\t\t<\/div>\n\t\t\t\t\t<\/div>\n\t\t<\/section>\n\t\t\t\t<section class=\"elementor-section elementor-top-section elementor-element elementor-element-13642e3 elementor-section-boxed elementor-section-height-default elementor-section-height-default\" data-id=\"13642e3\" data-element_type=\"section\" data-e-type=\"section\" data-settings=\"{&quot;background_background&quot;:&quot;classic&quot;}\">\n\t\t\t\t\t\t<div class=\"elementor-container elementor-column-gap-default\">\n\t\t\t\t\t<div class=\"elementor-column elementor-col-100 elementor-top-column elementor-element elementor-element-4e7a46a1\" data-id=\"4e7a46a1\" data-element_type=\"column\" data-e-type=\"column\">\n\t\t\t<div class=\"elementor-widget-wrap elementor-element-populated\">\n\t\t\t\t\t\t<div class=\"elementor-element elementor-element-5d98a211 elementor-widget elementor-widget-spacer\" data-id=\"5d98a211\" data-element_type=\"widget\" data-e-type=\"widget\" data-widget_type=\"spacer.default\">\n\t\t\t\t<div class=\"elementor-widget-container\">\n\t\t\t\t\t\t\t<div class=\"elementor-spacer\">\n\t\t\t<div class=\"elementor-spacer-inner\"><\/div>\n\t\t<\/div>\n\t\t\t\t\t\t<\/div>\n\t\t\t\t<\/div>\n\t\t\t\t<div class=\"elementor-element elementor-element-763cfc0 elementor-invisible elementor-widget elementor-widget-elementskit-heading\" data-id=\"763cfc0\" data-element_type=\"widget\" data-e-type=\"widget\" data-settings=\"{&quot;_animation&quot;:&quot;fadeInDown&quot;}\" data-widget_type=\"elementskit-heading.default\">\n\t\t\t\t<div class=\"elementor-widget-container\">\n\t\t\t\t\t<div class=\"ekit-wid-con\" ><div class=\"ekit-heading elementskit-section-title-wraper text_center   ekit_heading_tablet-   ekit_heading_mobile-\"><h2 class=\"ekit-heading--title elementskit-section-title\">Don't miss them!<\/h2>\t\t\t\t<div class='ekit-heading__description'>\n\t\t\t\t\t<p>Completa tu registro ahora mismo y asegura tu lugar, ind\u00edcanos a que cursos estas interesado.<\/p>\n\t\t\t\t<\/div>\n\t\t\t<\/div><\/div>\t\t\t\t<\/div>\n\t\t\t\t<\/div>\n\t\t\t\t<div class=\"elementor-element elementor-element-b48497a elementor-widget elementor-widget-shortcode\" data-id=\"b48497a\" data-element_type=\"widget\" data-e-type=\"widget\" data-widget_type=\"shortcode.default\">\n\t\t\t\t<div class=\"elementor-widget-container\">\n\t\t\t\t\t\t\t<div class=\"elementor-shortcode\"><iframe src=\"https:\/\/form.jotform.com\/222566568410862\" width=\"100%\" height=\"910\" allow=\"fullscreen\"><\/iframe><\/div>\n\t\t\t\t\t\t<\/div>\n\t\t\t\t<\/div>\n\t\t\t\t\t<\/div>\n\t\t<\/div>\n\t\t\t\t\t<\/div>\n\t\t<\/section>\n\t\t<div class=\"elementor-element elementor-element-5d091de e-flex e-con-boxed e-con e-parent\" data-id=\"5d091de\" data-element_type=\"container\" data-e-type=\"container\">\n\t\t\t\t\t<div class=\"e-con-inner\">\n\t\t<div class=\"elementor-element elementor-element-8a160aa e-con-full e-flex e-con e-child\" data-id=\"8a160aa\" data-element_type=\"container\" data-e-type=\"container\">\n\t\t\t\t<div class=\"elementor-element elementor-element-7063bd3 elementor-invisible elementor-widget elementor-widget-elementskit-heading\" data-id=\"7063bd3\" data-element_type=\"widget\" data-e-type=\"widget\" data-settings=\"{&quot;_animation&quot;:&quot;fadeInDown&quot;}\" data-widget_type=\"elementskit-heading.default\">\n\t\t\t\t<div class=\"elementor-widget-container\">\n\t\t\t\t\t<div class=\"ekit-wid-con\" ><div class=\"ekit-heading elementskit-section-title-wraper text_center   ekit_heading_tablet-   ekit_heading_mobile-\"><h2 class=\"ekit-heading--title elementskit-section-title\">Did you miss any of our courses?<\/h2>\t\t\t\t<div class='ekit-heading__description'>\n\t\t\t\t\t<h4 class=\"elementor-heading-title elementor-size-default\">Aqu\u00ed puedes visualizarlos:<\/h4>\n\t\t\t\t<\/div>\n\t\t\t<\/div><\/div>\t\t\t\t<\/div>\n\t\t\t\t<\/div>\n\t\t<div class=\"elementor-element elementor-element-2af825e e-grid e-con-full e-con e-child\" data-id=\"2af825e\" data-element_type=\"container\" data-e-type=\"container\">\n\t\t<div class=\"elementor-element elementor-element-93e3464 e-con-full e-flex e-con e-child\" data-id=\"93e3464\" data-element_type=\"container\" data-e-type=\"container\">\n\t\t\t\t<div class=\"elementor-element elementor-element-77b5159 elementor-widget elementor-widget-video\" data-id=\"77b5159\" data-element_type=\"widget\" data-e-type=\"widget\" data-settings=\"{&quot;youtube_url&quot;:&quot;https:\\\/\\\/www.youtube.com\\\/watch?v=n-j_3jzD8L4&amp;list=PLh4DHRQ7FUOzdD-hwyMPABwTkrMc1wYDx&amp;index=1&quot;,&quot;video_type&quot;:&quot;youtube&quot;,&quot;controls&quot;:&quot;yes&quot;}\" data-widget_type=\"video.default\">\n\t\t\t\t<div class=\"elementor-widget-container\">\n\t\t\t\t\t\t\t<div class=\"elementor-wrapper elementor-open-inline\">\n\t\t\t<div class=\"elementor-video\"><\/div>\t\t<\/div>\n\t\t\t\t\t\t<\/div>\n\t\t\t\t<\/div>\n\t\t\t\t<div class=\"elementor-element elementor-element-2c94b4c elementor-widget elementor-widget-heading\" data-id=\"2c94b4c\" data-element_type=\"widget\" data-e-type=\"widget\" data-widget_type=\"heading.default\">\n\t\t\t\t<div class=\"elementor-widget-container\">\n\t\t\t\t\t<h5 class=\"elementor-heading-title elementor-size-default\">Armado de Qualylosas Covintec<\/h5>\t\t\t\t<\/div>\n\t\t\t\t<\/div>\n\t\t\t\t<\/div>\n\t\t<div class=\"elementor-element elementor-element-fa76f63 e-con-full e-flex e-con e-child\" data-id=\"fa76f63\" data-element_type=\"container\" data-e-type=\"container\">\n\t\t\t\t<div class=\"elementor-element elementor-element-c772e5b elementor-widget elementor-widget-video\" data-id=\"c772e5b\" data-element_type=\"widget\" data-e-type=\"widget\" data-settings=\"{&quot;youtube_url&quot;:&quot;https:\\\/\\\/www.youtube.com\\\/watch?v=bVWiqvbX2wk&amp;list=PLh4DHRQ7FUOzdD-hwyMPABwTkrMc1wYDx&amp;index=2&quot;,&quot;video_type&quot;:&quot;youtube&quot;,&quot;controls&quot;:&quot;yes&quot;}\" data-widget_type=\"video.default\">\n\t\t\t\t<div class=\"elementor-widget-container\">\n\t\t\t\t\t\t\t<div class=\"elementor-wrapper elementor-open-inline\">\n\t\t\t<div class=\"elementor-video\"><\/div>\t\t<\/div>\n\t\t\t\t\t\t<\/div>\n\t\t\t\t<\/div>\n\t\t\t\t<div class=\"elementor-element elementor-element-248f0e3 elementor-widget elementor-widget-heading\" data-id=\"248f0e3\" data-element_type=\"widget\" data-e-type=\"widget\" data-widget_type=\"heading.default\">\n\t\t\t\t<div class=\"elementor-widget-container\">\n\t\t\t\t\t<h5 class=\"elementor-heading-title elementor-size-default\">Armado de Muros Covintec<\/h5>\t\t\t\t<\/div>\n\t\t\t\t<\/div>\n\t\t\t\t<\/div>\n\t\t<div class=\"elementor-element elementor-element-8319e83 e-con-full e-flex e-con e-child\" data-id=\"8319e83\" data-element_type=\"container\" data-e-type=\"container\">\n\t\t\t\t<div class=\"elementor-element elementor-element-60cf213 elementor-widget elementor-widget-video\" data-id=\"60cf213\" data-element_type=\"widget\" data-e-type=\"widget\" data-settings=\"{&quot;youtube_url&quot;:&quot;https:\\\/\\\/www.youtube.com\\\/watch?v=uj8LptLqFqo&amp;list=PLh4DHRQ7FUOzdD-hwyMPABwTkrMc1wYDx&amp;index=6&quot;,&quot;video_type&quot;:&quot;youtube&quot;,&quot;controls&quot;:&quot;yes&quot;}\" data-widget_type=\"video.default\">\n\t\t\t\t<div class=\"elementor-widget-container\">\n\t\t\t\t\t\t\t<div class=\"elementor-wrapper elementor-open-inline\">\n\t\t\t<div class=\"elementor-video\"><\/div>\t\t<\/div>\n\t\t\t\t\t\t<\/div>\n\t\t\t\t<\/div>\n\t\t\t\t<div class=\"elementor-element elementor-element-0f064df elementor-widget elementor-widget-heading\" data-id=\"0f064df\" data-element_type=\"widget\" data-e-type=\"widget\" data-widget_type=\"heading.default\">\n\t\t\t\t<div class=\"elementor-widget-container\">\n\t\t\t\t\t<h5 class=\"elementor-heading-title elementor-size-default\">Costos del sistema Constructivo Covintec<\/h5>\t\t\t\t<\/div>\n\t\t\t\t<\/div>\n\t\t\t\t<\/div>\n\t\t<div class=\"elementor-element elementor-element-05b94bf e-con-full e-flex e-con e-child\" data-id=\"05b94bf\" data-element_type=\"container\" data-e-type=\"container\">\n\t\t\t\t<div class=\"elementor-element elementor-element-a2b084e elementor-widget elementor-widget-video\" data-id=\"a2b084e\" data-element_type=\"widget\" data-e-type=\"widget\" data-settings=\"{&quot;youtube_url&quot;:&quot;https:\\\/\\\/www.youtube.com\\\/watch?v=4xmNjgsjT5I&amp;list=PLh4DHRQ7FUOzdD-hwyMPABwTkrMc1wYDx&amp;index=11&quot;,&quot;video_type&quot;:&quot;youtube&quot;,&quot;controls&quot;:&quot;yes&quot;}\" data-widget_type=\"video.default\">\n\t\t\t\t<div class=\"elementor-widget-container\">\n\t\t\t\t\t\t\t<div class=\"elementor-wrapper elementor-open-inline\">\n\t\t\t<div class=\"elementor-video\"><\/div>\t\t<\/div>\n\t\t\t\t\t\t<\/div>\n\t\t\t\t<\/div>\n\t\t\t\t<div class=\"elementor-element elementor-element-14abe79 elementor-widget elementor-widget-heading\" data-id=\"14abe79\" data-element_type=\"widget\" data-e-type=\"widget\" data-widget_type=\"heading.default\">\n\t\t\t\t<div class=\"elementor-widget-container\">\n\t\t\t\t\t<h5 class=\"elementor-heading-title elementor-size-default\">Advantages <br> Covintec<\/h5>\t\t\t\t<\/div>\n\t\t\t\t<\/div>\n\t\t\t\t<\/div>\n\t\t\t\t<\/div>\n\t\t\t\t<\/div>\n\t\t\t\t\t<\/div>\n\t\t\t\t<\/div>\n\t\t\t\t<\/div>","protected":false},"excerpt":{"rendered":"<p>CAPACITA A TU EQUIPO CURSOS Capacita a tu equipo de trabajo con nosotros en obra o\u00a0 instalaciones y de esa forma \u00a0poder sacarle todo el provecho a nuestro sistema constructivo, logrando la mayor eficiencia\u00a0 en tu pr\u00f3ximo proyecto. PR\u00d3XIMOS CURSOS COVINTEC CUANTIFICACI\u00d3N DE MATERIALES COVINTEC Jueves, 19 Marzo 4:00 \u2013 5:30 pm. Zona horaria: America\/Mexico [&hellip;]<\/p>\n","protected":false},"author":1,"featured_media":0,"parent":0,"menu_order":0,"comment_status":"closed","ping_status":"closed","template":"elementor_header_footer","meta":{"_joinchat":[],"footnotes":""},"class_list":["post-13","page","type-page","status-publish","hentry"],"yoast_head":"<!-- This site is optimized with the Yoast SEO plugin v27.3 - https:\/\/yoast.com\/product\/yoast-seo-wordpress\/ -->\n<title>Cursos - Covintec<\/title>\n<meta name=\"robots\" content=\"index, follow, max-snippet:-1, max-image-preview:large, max-video-preview:-1\" \/>\n<link rel=\"canonical\" href=\"https:\/\/covintec.com\/en\/cursos\/\" \/>\n<meta property=\"og:locale\" content=\"en_US\" \/>\n<meta property=\"og:type\" content=\"article\" \/>\n<meta property=\"og:title\" content=\"Cursos - Covintec\" \/>\n<meta property=\"og:description\" content=\"CAPACITA A TU EQUIPO CURSOS Capacita a tu equipo de trabajo con nosotros en obra o\u00a0 instalaciones y de esa forma \u00a0poder sacarle todo el provecho a nuestro sistema constructivo, logrando la mayor eficiencia\u00a0 en tu pr\u00f3ximo proyecto. PR\u00d3XIMOS CURSOS COVINTEC CUANTIFICACI\u00d3N DE MATERIALES COVINTEC Jueves, 19 Marzo 4:00 \u2013 5:30 pm. Zona horaria: America\/Mexico [&hellip;]\" \/>\n<meta property=\"og:url\" content=\"https:\/\/covintec.com\/en\/cursos\/\" \/>\n<meta property=\"og:site_name\" content=\"Covintec\" \/>\n<meta property=\"article:modified_time\" content=\"2026-03-17T15:32:43+00:00\" \/>\n<meta property=\"og:image\" content=\"https:\/\/covintec.com\/wp-content\/uploads\/2026\/03\/67b9b586-0455-4416-a003-752c346f2ef3.jpg\" \/>\n\t<meta property=\"og:image:width\" content=\"1080\" \/>\n\t<meta property=\"og:image:height\" content=\"1080\" \/>\n\t<meta property=\"og:image:type\" content=\"image\/jpeg\" \/>\n<meta name=\"twitter:card\" content=\"summary_large_image\" \/>\n<meta name=\"twitter:label1\" content=\"Est. reading time\" \/>\n\t<meta name=\"twitter:data1\" content=\"1 minute\" \/>\n<script type=\"application\/ld+json\" class=\"yoast-schema-graph\">{\"@context\":\"https:\\\/\\\/schema.org\",\"@graph\":[{\"@type\":\"WebPage\",\"@id\":\"https:\\\/\\\/covintec.com\\\/cursos\\\/\",\"url\":\"https:\\\/\\\/covintec.com\\\/cursos\\\/\",\"name\":\"Cursos - Covintec\",\"isPartOf\":{\"@id\":\"https:\\\/\\\/covintec.com\\\/#website\"},\"primaryImageOfPage\":{\"@id\":\"https:\\\/\\\/covintec.com\\\/cursos\\\/#primaryimage\"},\"image\":{\"@id\":\"https:\\\/\\\/covintec.com\\\/cursos\\\/#primaryimage\"},\"thumbnailUrl\":\"https:\\\/\\\/covintec.com\\\/wp-content\\\/uploads\\\/2026\\\/03\\\/67b9b586-0455-4416-a003-752c346f2ef3-1024x1024.jpg\",\"datePublished\":\"2023-06-26T19:17:04+00:00\",\"dateModified\":\"2026-03-17T15:32:43+00:00\",\"breadcrumb\":{\"@id\":\"https:\\\/\\\/covintec.com\\\/cursos\\\/#breadcrumb\"},\"inLanguage\":\"en-US\",\"potentialAction\":[{\"@type\":\"ReadAction\",\"target\":[\"https:\\\/\\\/covintec.com\\\/cursos\\\/\"]}]},{\"@type\":\"ImageObject\",\"inLanguage\":\"en-US\",\"@id\":\"https:\\\/\\\/covintec.com\\\/cursos\\\/#primaryimage\",\"url\":\"https:\\\/\\\/covintec.com\\\/wp-content\\\/uploads\\\/2026\\\/03\\\/67b9b586-0455-4416-a003-752c346f2ef3-1024x1024.jpg\",\"contentUrl\":\"https:\\\/\\\/covintec.com\\\/wp-content\\\/uploads\\\/2026\\\/03\\\/67b9b586-0455-4416-a003-752c346f2ef3-1024x1024.jpg\"},{\"@type\":\"BreadcrumbList\",\"@id\":\"https:\\\/\\\/covintec.com\\\/cursos\\\/#breadcrumb\",\"itemListElement\":[{\"@type\":\"ListItem\",\"position\":1,\"name\":\"Portada\",\"item\":\"https:\\\/\\\/covintec.com\\\/\"},{\"@type\":\"ListItem\",\"position\":2,\"name\":\"Cursos\"}]},{\"@type\":\"WebSite\",\"@id\":\"https:\\\/\\\/covintec.com\\\/#website\",\"url\":\"https:\\\/\\\/covintec.com\\\/\",\"name\":\"Covintec\",\"description\":\"\u00a1Construye f\u00e1cil y r\u00e1pido!\",\"publisher\":{\"@id\":\"https:\\\/\\\/covintec.com\\\/#organization\"},\"potentialAction\":[{\"@type\":\"SearchAction\",\"target\":{\"@type\":\"EntryPoint\",\"urlTemplate\":\"https:\\\/\\\/covintec.com\\\/?s={search_term_string}\"},\"query-input\":{\"@type\":\"PropertyValueSpecification\",\"valueRequired\":true,\"valueName\":\"search_term_string\"}}],\"inLanguage\":\"en-US\"},{\"@type\":\"Organization\",\"@id\":\"https:\\\/\\\/covintec.com\\\/#organization\",\"name\":\"Covintec\",\"url\":\"https:\\\/\\\/covintec.com\\\/\",\"logo\":{\"@type\":\"ImageObject\",\"inLanguage\":\"en-US\",\"@id\":\"https:\\\/\\\/covintec.com\\\/#\\\/schema\\\/logo\\\/image\\\/\",\"url\":\"https:\\\/\\\/covintec.com\\\/wp-content\\\/uploads\\\/2023\\\/07\\\/cropped-favicon-covintec.jpg\",\"contentUrl\":\"https:\\\/\\\/covintec.com\\\/wp-content\\\/uploads\\\/2023\\\/07\\\/cropped-favicon-covintec.jpg\",\"width\":512,\"height\":512,\"caption\":\"Covintec\"},\"image\":{\"@id\":\"https:\\\/\\\/covintec.com\\\/#\\\/schema\\\/logo\\\/image\\\/\"}}]}<\/script>\n<!-- \/ Yoast SEO plugin. -->","yoast_head_json":{"title":"Cursos - Covintec","robots":{"index":"index","follow":"follow","max-snippet":"max-snippet:-1","max-image-preview":"max-image-preview:large","max-video-preview":"max-video-preview:-1"},"canonical":"https:\/\/covintec.com\/en\/cursos\/","og_locale":"en_US","og_type":"article","og_title":"Cursos - Covintec","og_description":"CAPACITA A TU EQUIPO CURSOS Capacita a tu equipo de trabajo con nosotros en obra o\u00a0 instalaciones y de esa forma \u00a0poder sacarle todo el provecho a nuestro sistema constructivo, logrando la mayor eficiencia\u00a0 en tu pr\u00f3ximo proyecto. PR\u00d3XIMOS CURSOS COVINTEC CUANTIFICACI\u00d3N DE MATERIALES COVINTEC Jueves, 19 Marzo 4:00 \u2013 5:30 pm. Zona horaria: America\/Mexico [&hellip;]","og_url":"https:\/\/covintec.com\/en\/cursos\/","og_site_name":"Covintec","article_modified_time":"2026-03-17T15:32:43+00:00","og_image":[{"width":1080,"height":1080,"url":"https:\/\/covintec.com\/wp-content\/uploads\/2026\/03\/67b9b586-0455-4416-a003-752c346f2ef3.jpg","type":"image\/jpeg"}],"twitter_card":"summary_large_image","twitter_misc":{"Est. reading time":"1 minute"},"schema":{"@context":"https:\/\/schema.org","@graph":[{"@type":"WebPage","@id":"https:\/\/covintec.com\/cursos\/","url":"https:\/\/covintec.com\/cursos\/","name":"Cursos - Covintec","isPartOf":{"@id":"https:\/\/covintec.com\/#website"},"primaryImageOfPage":{"@id":"https:\/\/covintec.com\/cursos\/#primaryimage"},"image":{"@id":"https:\/\/covintec.com\/cursos\/#primaryimage"},"thumbnailUrl":"https:\/\/covintec.com\/wp-content\/uploads\/2026\/03\/67b9b586-0455-4416-a003-752c346f2ef3-1024x1024.jpg","datePublished":"2023-06-26T19:17:04+00:00","dateModified":"2026-03-17T15:32:43+00:00","breadcrumb":{"@id":"https:\/\/covintec.com\/cursos\/#breadcrumb"},"inLanguage":"en-US","potentialAction":[{"@type":"ReadAction","target":["https:\/\/covintec.com\/cursos\/"]}]},{"@type":"ImageObject","inLanguage":"en-US","@id":"https:\/\/covintec.com\/cursos\/#primaryimage","url":"https:\/\/covintec.com\/wp-content\/uploads\/2026\/03\/67b9b586-0455-4416-a003-752c346f2ef3-1024x1024.jpg","contentUrl":"https:\/\/covintec.com\/wp-content\/uploads\/2026\/03\/67b9b586-0455-4416-a003-752c346f2ef3-1024x1024.jpg"},{"@type":"BreadcrumbList","@id":"https:\/\/covintec.com\/cursos\/#breadcrumb","itemListElement":[{"@type":"ListItem","position":1,"name":"Portada","item":"https:\/\/covintec.com\/"},{"@type":"ListItem","position":2,"name":"Cursos"}]},{"@type":"WebSite","@id":"https:\/\/covintec.com\/#website","url":"https:\/\/covintec.com\/","name":"Covintec","description":"\u00a1Construye f\u00e1cil y r\u00e1pido!","publisher":{"@id":"https:\/\/covintec.com\/#organization"},"potentialAction":[{"@type":"SearchAction","target":{"@type":"EntryPoint","urlTemplate":"https:\/\/covintec.com\/?s={search_term_string}"},"query-input":{"@type":"PropertyValueSpecification","valueRequired":true,"valueName":"search_term_string"}}],"inLanguage":"en-US"},{"@type":"Organization","@id":"https:\/\/covintec.com\/#organization","name":"Covintec","url":"https:\/\/covintec.com\/","logo":{"@type":"ImageObject","inLanguage":"en-US","@id":"https:\/\/covintec.com\/#\/schema\/logo\/image\/","url":"https:\/\/covintec.com\/wp-content\/uploads\/2023\/07\/cropped-favicon-covintec.jpg","contentUrl":"https:\/\/covintec.com\/wp-content\/uploads\/2023\/07\/cropped-favicon-covintec.jpg","width":512,"height":512,"caption":"Covintec"},"image":{"@id":"https:\/\/covintec.com\/#\/schema\/logo\/image\/"}}]}},"_links":{"self":[{"href":"https:\/\/covintec.com\/en\/wp-json\/wp\/v2\/pages\/13","targetHints":{"allow":["GET"]}}],"collection":[{"href":"https:\/\/covintec.com\/en\/wp-json\/wp\/v2\/pages"}],"about":[{"href":"https:\/\/covintec.com\/en\/wp-json\/wp\/v2\/types\/page"}],"author":[{"embeddable":true,"href":"https:\/\/covintec.com\/en\/wp-json\/wp\/v2\/users\/1"}],"replies":[{"embeddable":true,"href":"https:\/\/covintec.com\/en\/wp-json\/wp\/v2\/comments?post=13"}],"version-history":[{"count":45,"href":"https:\/\/covintec.com\/en\/wp-json\/wp\/v2\/pages\/13\/revisions"}],"predecessor-version":[{"id":8349,"href":"https:\/\/covintec.com\/en\/wp-json\/wp\/v2\/pages\/13\/revisions\/8349"}],"wp:attachment":[{"href":"https:\/\/covintec.com\/en\/wp-json\/wp\/v2\/media?parent=13"}],"curies":[{"name":"wp","href":"https:\/\/api.w.org\/{rel}","templated":true}]}}