{"id":1899,"date":"2024-07-24T18:32:02","date_gmt":"2024-07-24T23:32:02","guid":{"rendered":"https:\/\/covintec.com\/?page_id=1899"},"modified":"2025-09-18T18:34:37","modified_gmt":"2025-09-18T23:34:37","slug":"cupulas","status":"publish","type":"page","link":"https:\/\/covintec.com\/en\/cupulas\/","title":{"rendered":"Domes"},"content":{"rendered":"<div data-elementor-type=\"wp-page\" data-elementor-id=\"1899\" class=\"elementor elementor-1899\" data-elementor-post-type=\"page\">\n\t\t\t\t<div class=\"elementor-element elementor-element-59d07383 e-flex e-con-boxed e-con e-parent\" data-id=\"59d07383\" data-element_type=\"container\" data-e-type=\"container\" data-settings=\"{&quot;background_background&quot;:&quot;classic&quot;}\">\n\t\t\t\t\t<div class=\"e-con-inner\">\n\t\t<div class=\"elementor-element elementor-element-20d80001 e-con-full e-flex e-con e-child\" data-id=\"20d80001\" data-element_type=\"container\" data-e-type=\"container\">\n\t\t\t\t<div class=\"elementor-element elementor-element-662be91f elementor-widget-tablet__width-initial elementor-widget elementor-widget-elementskit-heading\" data-id=\"662be91f\" data-element_type=\"widget\" data-e-type=\"widget\" data-widget_type=\"elementskit-heading.default\">\n\t\t\t\t<div class=\"elementor-widget-container\">\n\t\t\t\t\t<div class=\"ekit-wid-con\" ><div class=\"ekit-heading elementskit-section-title-wraper text_left   ekit_heading_tablet-text_left   ekit_heading_mobile-text_left\"><h2 class=\"ekit-heading--title elementskit-section-title\">Domes with <span><span>Covintec<\/span><\/span><\/h2><\/div><\/div>\t\t\t\t<\/div>\n\t\t\t\t<\/div>\n\t\t\t\t<div class=\"elementor-element elementor-element-47d81849 elementor-icon-list--layout-traditional elementor-list-item-link-full_width elementor-widget elementor-widget-icon-list\" data-id=\"47d81849\" data-element_type=\"widget\" data-e-type=\"widget\" data-widget_type=\"icon-list.default\">\n\t\t\t\t<div class=\"elementor-widget-container\">\n\t\t\t\t\t\t\t<ul class=\"elementor-icon-list-items\">\n\t\t\t\t\t\t\t<li class=\"elementor-icon-list-item\">\n\t\t\t\t\t\t\t\t\t\t\t<span class=\"elementor-icon-list-icon\">\n\t\t\t\t\t\t\t<i aria-hidden=\"true\" class=\"icon icon-check\"><\/i>\t\t\t\t\t\t<\/span>\n\t\t\t\t\t\t\t\t\t\t<span class=\"elementor-icon-list-text\">Unique designs <\/span>\n\t\t\t\t\t\t\t\t\t<\/li>\n\t\t\t\t\t\t\t\t<li class=\"elementor-icon-list-item\">\n\t\t\t\t\t\t\t\t\t\t\t<span class=\"elementor-icon-list-icon\">\n\t\t\t\t\t\t\t<i aria-hidden=\"true\" class=\"icon icon-check\"><\/i>\t\t\t\t\t\t<\/span>\n\t\t\t\t\t\t\t\t\t\t<span class=\"elementor-icon-list-text\">Easy and quick to build.<\/span>\n\t\t\t\t\t\t\t\t\t<\/li>\n\t\t\t\t\t\t\t\t<li class=\"elementor-icon-list-item\">\n\t\t\t\t\t\t\t\t\t\t\t<span class=\"elementor-icon-list-icon\">\n\t\t\t\t\t\t\t<i aria-hidden=\"true\" class=\"icon icon-check\"><\/i>\t\t\t\t\t\t<\/span>\n\t\t\t\t\t\t\t\t\t\t<span class=\"elementor-icon-list-text\">Cost optimization in construction.<\/span>\n\t\t\t\t\t\t\t\t\t<\/li>\n\t\t\t\t\t\t<\/ul>\n\t\t\t\t\t\t<\/div>\n\t\t\t\t<\/div>\n\t\t\t\t<\/div>\n\t\t<div class=\"elementor-element elementor-element-6cf2fa2c e-flex e-con-boxed e-con e-child\" data-id=\"6cf2fa2c\" data-element_type=\"container\" data-e-type=\"container\">\n\t\t\t\t\t<div class=\"e-con-inner\">\n\t\t\t\t<div class=\"elementor-element elementor-element-6f780379 elementor-widget elementor-widget-elementskit-lottie\" data-id=\"6f780379\" data-element_type=\"widget\" data-e-type=\"widget\" data-widget_type=\"elementskit-lottie.default\">\n\t\t\t\t<div class=\"elementor-widget-container\">\n\t\t\t\t\t<div class=\"ekit-wid-con\" ><div id=\"ekit_lottie_6f780379\" class=\"ekit_lottie\" data-autoplay=\"true\" data-on-scroll=\"\" data-speed=\"1\" data-direction=\"\" data-action=\"\" data-renderer=\"svg\" data-path=\"https:\/\/covintec.com\/wp-content\/uploads\/2025\/04\/cupulas.json\" data-loop=\"true\">&nbsp;<\/div><\/div>\t\t\t\t<\/div>\n\t\t\t\t<\/div>\n\t\t\t\t\t<\/div>\n\t\t\t\t<\/div>\n\t\t\t\t\t<\/div>\n\t\t\t\t<\/div>\n\t\t<div class=\"elementor-element elementor-element-a952b46 e-flex e-con-boxed e-con e-parent\" data-id=\"a952b46\" data-element_type=\"container\" data-e-type=\"container\">\n\t\t\t\t\t<div class=\"e-con-inner\">\n\t\t\t\t<div class=\"elementor-element elementor-element-a43ac9d elementor-widget-tablet__width-initial elementor-widget elementor-widget-elementskit-heading\" data-id=\"a43ac9d\" data-element_type=\"widget\" data-e-type=\"widget\" data-widget_type=\"elementskit-heading.default\">\n\t\t\t\t<div class=\"elementor-widget-container\">\n\t\t\t\t\t<div class=\"ekit-wid-con\" ><div class=\"ekit-heading elementskit-section-title-wraper text_left   ekit_heading_tablet-text_left   ekit_heading_mobile-text_left\"><h2 class=\"ekit-heading--title elementskit-section-title\">Nuestros \u00faltimos videos<\/h2><\/div><\/div>\t\t\t\t<\/div>\n\t\t\t\t<\/div>\n\t\t\t\t\t<\/div>\n\t\t\t\t<\/div>\n\t\t<div class=\"elementor-element elementor-element-079ef3a e-grid e-con-boxed e-con e-parent\" data-id=\"079ef3a\" data-element_type=\"container\" data-e-type=\"container\">\n\t\t\t\t\t<div class=\"e-con-inner\">\n\t\t\t\t<div class=\"elementor-element elementor-element-e9f3bba elementor-widget elementor-widget-video\" data-id=\"e9f3bba\" data-element_type=\"widget\" data-e-type=\"widget\" data-settings=\"{&quot;youtube_url&quot;:&quot;https:\\\/\\\/www.youtube.com\\\/watch?v=fdo4-44JRLI&amp;t=125s&quot;,&quot;video_type&quot;:&quot;youtube&quot;,&quot;controls&quot;:&quot;yes&quot;}\" data-widget_type=\"video.default\">\n\t\t\t\t<div class=\"elementor-widget-container\">\n\t\t\t\t\t\t\t<div class=\"elementor-wrapper elementor-open-inline\">\n\t\t\t<div class=\"elementor-video\"><\/div>\t\t<\/div>\n\t\t\t\t\t\t<\/div>\n\t\t\t\t<\/div>\n\t\t\t\t<div class=\"elementor-element elementor-element-32a74f3 elementor-widget elementor-widget-video\" data-id=\"32a74f3\" data-element_type=\"widget\" data-e-type=\"widget\" data-settings=\"{&quot;youtube_url&quot;:&quot;https:\\\/\\\/www.youtube.com\\\/watch?v=btYjd8UE9HQ&amp;t=10s&quot;,&quot;video_type&quot;:&quot;youtube&quot;,&quot;controls&quot;:&quot;yes&quot;}\" data-widget_type=\"video.default\">\n\t\t\t\t<div class=\"elementor-widget-container\">\n\t\t\t\t\t\t\t<div class=\"elementor-wrapper elementor-open-inline\">\n\t\t\t<div class=\"elementor-video\"><\/div>\t\t<\/div>\n\t\t\t\t\t\t<\/div>\n\t\t\t\t<\/div>\n\t\t\t\t<div class=\"elementor-element elementor-element-594ad68 elementor-widget elementor-widget-video\" data-id=\"594ad68\" data-element_type=\"widget\" data-e-type=\"widget\" data-settings=\"{&quot;youtube_url&quot;:&quot;https:\\\/\\\/www.youtube.com\\\/watch?v=5dt6lVpgy7g&quot;,&quot;video_type&quot;:&quot;youtube&quot;,&quot;controls&quot;:&quot;yes&quot;}\" data-widget_type=\"video.default\">\n\t\t\t\t<div class=\"elementor-widget-container\">\n\t\t\t\t\t\t\t<div class=\"elementor-wrapper elementor-open-inline\">\n\t\t\t<div class=\"elementor-video\"><\/div>\t\t<\/div>\n\t\t\t\t\t\t<\/div>\n\t\t\t\t<\/div>\n\t\t\t\t\t<\/div>\n\t\t\t\t<\/div>\n\t\t<div class=\"elementor-element elementor-element-0df512c e-flex e-con-boxed e-con e-parent\" data-id=\"0df512c\" data-element_type=\"container\" data-e-type=\"container\">\n\t\t\t\t\t<div class=\"e-con-inner\">\n\t\t\t\t<div class=\"elementor-element elementor-element-6a38584 elementor-widget-tablet__width-initial elementor-widget elementor-widget-elementskit-heading\" data-id=\"6a38584\" data-element_type=\"widget\" data-e-type=\"widget\" data-widget_type=\"elementskit-heading.default\">\n\t\t\t\t<div class=\"elementor-widget-container\">\n\t\t\t\t\t<div class=\"ekit-wid-con\" ><div class=\"ekit-heading elementskit-section-title-wraper text_left   ekit_heading_tablet-text_left   ekit_heading_mobile-text_left\"><h2 class=\"ekit-heading--title elementskit-section-title\">Projects <span><span>Covintec<\/span><\/span> with domes<\/h2><\/div><\/div>\t\t\t\t<\/div>\n\t\t\t\t<\/div>\n\t\t\t\t\t<\/div>\n\t\t\t\t<\/div>\n\t\t<div class=\"elementor-element elementor-element-ded391e e-flex e-con-boxed e-con e-parent\" data-id=\"ded391e\" data-element_type=\"container\" data-e-type=\"container\">\n\t\t\t\t\t<div class=\"e-con-inner\">\n\t\t\t\t<div class=\"elementor-element elementor-element-c0a4b18 elementor-widget elementor-widget-gallery\" data-id=\"c0a4b18\" data-element_type=\"widget\" data-e-type=\"widget\" data-settings=\"{&quot;columns_tablet&quot;:4,&quot;columns_mobile&quot;:2,&quot;gap_tablet&quot;:{&quot;unit&quot;:&quot;px&quot;,&quot;size&quot;:5,&quot;sizes&quot;:[]},&quot;gap_mobile&quot;:{&quot;unit&quot;:&quot;px&quot;,&quot;size&quot;:5,&quot;sizes&quot;:[]},&quot;lazyload&quot;:&quot;yes&quot;,&quot;gallery_layout&quot;:&quot;grid&quot;,&quot;columns&quot;:4,&quot;gap&quot;:{&quot;unit&quot;:&quot;px&quot;,&quot;size&quot;:10,&quot;sizes&quot;:[]},&quot;link_to&quot;:&quot;file&quot;,&quot;aspect_ratio&quot;:&quot;3:2&quot;,&quot;overlay_background&quot;:&quot;yes&quot;,&quot;content_hover_animation&quot;:&quot;fade-in&quot;}\" data-widget_type=\"gallery.default\">\n\t\t\t\t<div class=\"elementor-widget-container\">\n\t\t\t\t\t\t\t<div class=\"elementor-gallery__container\">\n\t\t\t\t\t\t\t<a class=\"e-gallery-item elementor-gallery-item elementor-animated-content\" href=\"https:\/\/covintec.com\/wp-content\/uploads\/2025\/04\/172067919_2850500871884321_8850946836547288635_n.jpg\" data-elementor-open-lightbox=\"yes\" data-elementor-lightbox-slideshow=\"c0a4b18\" data-e-action-hash=\"#elementor-action%3Aaction%3Dlightbox%26settings%3DeyJpZCI6NTc2MCwidXJsIjoiaHR0cHM6XC9cL2NvdmludGVjLmNvbVwvd3AtY29udGVudFwvdXBsb2Fkc1wvMjAyNVwvMDRcLzE3MjA2NzkxOV8yODUwNTAwODcxODg0MzIxXzg4NTA5NDY4MzY1NDcyODg2MzVfbi5qcGciLCJzbGlkZXNob3ciOiJjMGE0YjE4In0%3D\">\n\t\t\t\t\t<div class=\"e-gallery-image elementor-gallery-item__image\" data-thumbnail=\"https:\/\/covintec.com\/wp-content\/uploads\/2025\/04\/172067919_2850500871884321_8850946836547288635_n-300x300.jpg\" data-width=\"300\" data-height=\"300\" aria-label=\"\" role=\"img\" ><\/div>\n\t\t\t\t\t\t\t\t\t\t\t<div class=\"elementor-gallery-item__overlay\"><\/div>\n\t\t\t\t\t\t\t\t\t\t\t\t\t\t<\/a>\n\t\t\t\t\t\t\t<a class=\"e-gallery-item elementor-gallery-item elementor-animated-content\" href=\"https:\/\/covintec.com\/wp-content\/uploads\/2025\/04\/269265151_3035214636746276_4136028990982533165_n.jpg\" data-elementor-open-lightbox=\"yes\" data-elementor-lightbox-slideshow=\"c0a4b18\" data-e-action-hash=\"#elementor-action%3Aaction%3Dlightbox%26settings%3DeyJpZCI6NTc2MSwidXJsIjoiaHR0cHM6XC9cL2NvdmludGVjLmNvbVwvd3AtY29udGVudFwvdXBsb2Fkc1wvMjAyNVwvMDRcLzI2OTI2NTE1MV8zMDM1MjE0NjM2NzQ2Mjc2XzQxMzYwMjg5OTA5ODI1MzMxNjVfbi5qcGciLCJzbGlkZXNob3ciOiJjMGE0YjE4In0%3D\">\n\t\t\t\t\t<div class=\"e-gallery-image elementor-gallery-item__image\" data-thumbnail=\"https:\/\/covintec.com\/wp-content\/uploads\/2025\/04\/269265151_3035214636746276_4136028990982533165_n-300x300.jpg\" data-width=\"300\" data-height=\"300\" aria-label=\"\" role=\"img\" ><\/div>\n\t\t\t\t\t\t\t\t\t\t\t<div class=\"elementor-gallery-item__overlay\"><\/div>\n\t\t\t\t\t\t\t\t\t\t\t\t\t\t<\/a>\n\t\t\t\t\t\t\t<a class=\"e-gallery-item elementor-gallery-item elementor-animated-content\" href=\"https:\/\/covintec.com\/wp-content\/uploads\/2025\/04\/274586455_3081098698824536_396783650379872453_n.jpg\" data-elementor-open-lightbox=\"yes\" data-elementor-lightbox-slideshow=\"c0a4b18\" data-e-action-hash=\"#elementor-action%3Aaction%3Dlightbox%26settings%3DeyJpZCI6NTc2MiwidXJsIjoiaHR0cHM6XC9cL2NvdmludGVjLmNvbVwvd3AtY29udGVudFwvdXBsb2Fkc1wvMjAyNVwvMDRcLzI3NDU4NjQ1NV8zMDgxMDk4Njk4ODI0NTM2XzM5Njc4MzY1MDM3OTg3MjQ1M19uLmpwZyIsInNsaWRlc2hvdyI6ImMwYTRiMTgifQ%3D%3D\">\n\t\t\t\t\t<div class=\"e-gallery-image elementor-gallery-item__image\" data-thumbnail=\"https:\/\/covintec.com\/wp-content\/uploads\/2025\/04\/274586455_3081098698824536_396783650379872453_n-300x300.jpg\" data-width=\"300\" data-height=\"300\" aria-label=\"\" role=\"img\" ><\/div>\n\t\t\t\t\t\t\t\t\t\t\t<div class=\"elementor-gallery-item__overlay\"><\/div>\n\t\t\t\t\t\t\t\t\t\t\t\t\t\t<\/a>\n\t\t\t\t\t\t\t<a class=\"e-gallery-item elementor-gallery-item elementor-animated-content\" href=\"https:\/\/covintec.com\/wp-content\/uploads\/2025\/04\/274639573_3081098772157862_6825345034515214515_n.jpg\" data-elementor-open-lightbox=\"yes\" data-elementor-lightbox-slideshow=\"c0a4b18\" data-e-action-hash=\"#elementor-action%3Aaction%3Dlightbox%26settings%3DeyJpZCI6NTc2MywidXJsIjoiaHR0cHM6XC9cL2NvdmludGVjLmNvbVwvd3AtY29udGVudFwvdXBsb2Fkc1wvMjAyNVwvMDRcLzI3NDYzOTU3M18zMDgxMDk4NzcyMTU3ODYyXzY4MjUzNDUwMzQ1MTUyMTQ1MTVfbi5qcGciLCJzbGlkZXNob3ciOiJjMGE0YjE4In0%3D\">\n\t\t\t\t\t<div class=\"e-gallery-image elementor-gallery-item__image\" data-thumbnail=\"https:\/\/covintec.com\/wp-content\/uploads\/2025\/04\/274639573_3081098772157862_6825345034515214515_n-300x300.jpg\" data-width=\"300\" data-height=\"300\" aria-label=\"\" role=\"img\" ><\/div>\n\t\t\t\t\t\t\t\t\t\t\t<div class=\"elementor-gallery-item__overlay\"><\/div>\n\t\t\t\t\t\t\t\t\t\t\t\t\t\t<\/a>\n\t\t\t\t\t\t\t<a class=\"e-gallery-item elementor-gallery-item elementor-animated-content\" href=\"https:\/\/covintec.com\/wp-content\/uploads\/2025\/04\/312820641_539809061487258_7382538590012217025_n.jpg\" data-elementor-open-lightbox=\"yes\" data-elementor-lightbox-slideshow=\"c0a4b18\" data-e-action-hash=\"#elementor-action%3Aaction%3Dlightbox%26settings%3DeyJpZCI6NTc2NCwidXJsIjoiaHR0cHM6XC9cL2NvdmludGVjLmNvbVwvd3AtY29udGVudFwvdXBsb2Fkc1wvMjAyNVwvMDRcLzMxMjgyMDY0MV81Mzk4MDkwNjE0ODcyNThfNzM4MjUzODU5MDAxMjIxNzAyNV9uLmpwZyIsInNsaWRlc2hvdyI6ImMwYTRiMTgifQ%3D%3D\">\n\t\t\t\t\t<div class=\"e-gallery-image elementor-gallery-item__image\" data-thumbnail=\"https:\/\/covintec.com\/wp-content\/uploads\/2025\/04\/312820641_539809061487258_7382538590012217025_n-300x300.jpg\" data-width=\"300\" data-height=\"300\" aria-label=\"\" role=\"img\" ><\/div>\n\t\t\t\t\t\t\t\t\t\t\t<div class=\"elementor-gallery-item__overlay\"><\/div>\n\t\t\t\t\t\t\t\t\t\t\t\t\t\t<\/a>\n\t\t\t\t\t\t\t<a class=\"e-gallery-item elementor-gallery-item elementor-animated-content\" href=\"https:\/\/covintec.com\/wp-content\/uploads\/2025\/04\/352717031_728433849291444_1850725311050593805_n.jpg\" data-elementor-open-lightbox=\"yes\" data-elementor-lightbox-slideshow=\"c0a4b18\" data-e-action-hash=\"#elementor-action%3Aaction%3Dlightbox%26settings%3DeyJpZCI6NTc2NSwidXJsIjoiaHR0cHM6XC9cL2NvdmludGVjLmNvbVwvd3AtY29udGVudFwvdXBsb2Fkc1wvMjAyNVwvMDRcLzM1MjcxNzAzMV83Mjg0MzM4NDkyOTE0NDRfMTg1MDcyNTMxMTA1MDU5MzgwNV9uLmpwZyIsInNsaWRlc2hvdyI6ImMwYTRiMTgifQ%3D%3D\">\n\t\t\t\t\t<div class=\"e-gallery-image elementor-gallery-item__image\" data-thumbnail=\"https:\/\/covintec.com\/wp-content\/uploads\/2025\/04\/352717031_728433849291444_1850725311050593805_n-300x300.jpg\" data-width=\"300\" data-height=\"300\" aria-label=\"\" role=\"img\" ><\/div>\n\t\t\t\t\t\t\t\t\t\t\t<div class=\"elementor-gallery-item__overlay\"><\/div>\n\t\t\t\t\t\t\t\t\t\t\t\t\t\t<\/a>\n\t\t\t\t\t\t\t<a class=\"e-gallery-item elementor-gallery-item elementor-animated-content\" href=\"https:\/\/covintec.com\/wp-content\/uploads\/2025\/04\/53087640310_3234c7f32f_o.jpg\" data-elementor-open-lightbox=\"yes\" data-elementor-lightbox-slideshow=\"c0a4b18\" data-e-action-hash=\"#elementor-action%3Aaction%3Dlightbox%26settings%3DeyJpZCI6NTc2NiwidXJsIjoiaHR0cHM6XC9cL2NvdmludGVjLmNvbVwvd3AtY29udGVudFwvdXBsb2Fkc1wvMjAyNVwvMDRcLzUzMDg3NjQwMzEwXzMyMzRjN2YzMmZfby5qcGciLCJzbGlkZXNob3ciOiJjMGE0YjE4In0%3D\">\n\t\t\t\t\t<div class=\"e-gallery-image elementor-gallery-item__image\" data-thumbnail=\"https:\/\/covintec.com\/wp-content\/uploads\/2025\/04\/53087640310_3234c7f32f_o-300x169.jpg\" data-width=\"300\" data-height=\"169\" aria-label=\"\" role=\"img\" ><\/div>\n\t\t\t\t\t\t\t\t\t\t\t<div class=\"elementor-gallery-item__overlay\"><\/div>\n\t\t\t\t\t\t\t\t\t\t\t\t\t\t<\/a>\n\t\t\t\t\t\t\t<a class=\"e-gallery-item elementor-gallery-item elementor-animated-content\" href=\"https:\/\/covintec.com\/wp-content\/uploads\/2025\/04\/53087697003_2b9e56b9d7_o.jpg\" data-elementor-open-lightbox=\"yes\" data-elementor-lightbox-slideshow=\"c0a4b18\" data-e-action-hash=\"#elementor-action%3Aaction%3Dlightbox%26settings%3DeyJpZCI6NTc2NywidXJsIjoiaHR0cHM6XC9cL2NvdmludGVjLmNvbVwvd3AtY29udGVudFwvdXBsb2Fkc1wvMjAyNVwvMDRcLzUzMDg3Njk3MDAzXzJiOWU1NmI5ZDdfby5qcGciLCJzbGlkZXNob3ciOiJjMGE0YjE4In0%3D\">\n\t\t\t\t\t<div class=\"e-gallery-image elementor-gallery-item__image\" data-thumbnail=\"https:\/\/covintec.com\/wp-content\/uploads\/2025\/04\/53087697003_2b9e56b9d7_o-300x169.jpg\" data-width=\"300\" data-height=\"169\" aria-label=\"\" role=\"img\" ><\/div>\n\t\t\t\t\t\t\t\t\t\t\t<div class=\"elementor-gallery-item__overlay\"><\/div>\n\t\t\t\t\t\t\t\t\t\t\t\t\t\t<\/a>\n\t\t\t\t\t\t\t<a class=\"e-gallery-item elementor-gallery-item elementor-animated-content\" href=\"https:\/\/covintec.com\/wp-content\/uploads\/2025\/04\/DISENO-3-1.jpg\" data-elementor-open-lightbox=\"yes\" data-elementor-lightbox-slideshow=\"c0a4b18\" data-e-action-hash=\"#elementor-action%3Aaction%3Dlightbox%26settings%3DeyJpZCI6NTc2OCwidXJsIjoiaHR0cHM6XC9cL2NvdmludGVjLmNvbVwvd3AtY29udGVudFwvdXBsb2Fkc1wvMjAyNVwvMDRcL0RJU0VOTy0zLTEuanBnIiwic2xpZGVzaG93IjoiYzBhNGIxOCJ9\">\n\t\t\t\t\t<div class=\"e-gallery-image elementor-gallery-item__image\" data-thumbnail=\"https:\/\/covintec.com\/wp-content\/uploads\/2025\/04\/DISENO-3-1-300x300.jpg\" data-width=\"300\" data-height=\"300\" aria-label=\"\" role=\"img\" ><\/div>\n\t\t\t\t\t\t\t\t\t\t\t<div class=\"elementor-gallery-item__overlay\"><\/div>\n\t\t\t\t\t\t\t\t\t\t\t\t\t\t<\/a>\n\t\t\t\t\t\t\t<a class=\"e-gallery-item elementor-gallery-item elementor-animated-content\" href=\"https:\/\/covintec.com\/wp-content\/uploads\/2025\/04\/DISENO-4.png\" data-elementor-open-lightbox=\"yes\" data-elementor-lightbox-slideshow=\"c0a4b18\" data-e-action-hash=\"#elementor-action%3Aaction%3Dlightbox%26settings%3DeyJpZCI6NTc2OSwidXJsIjoiaHR0cHM6XC9cL2NvdmludGVjLmNvbVwvd3AtY29udGVudFwvdXBsb2Fkc1wvMjAyNVwvMDRcL0RJU0VOTy00LnBuZyIsInNsaWRlc2hvdyI6ImMwYTRiMTgifQ%3D%3D\">\n\t\t\t\t\t<div class=\"e-gallery-image elementor-gallery-item__image\" data-thumbnail=\"https:\/\/covintec.com\/wp-content\/uploads\/2025\/04\/DISENO-4-300x300.png\" data-width=\"300\" data-height=\"300\" aria-label=\"\" role=\"img\" ><\/div>\n\t\t\t\t\t\t\t\t\t\t\t<div class=\"elementor-gallery-item__overlay\"><\/div>\n\t\t\t\t\t\t\t\t\t\t\t\t\t\t<\/a>\n\t\t\t\t\t\t\t<a class=\"e-gallery-item elementor-gallery-item elementor-animated-content\" href=\"https:\/\/covintec.com\/wp-content\/uploads\/2025\/04\/DISENO.png\" data-elementor-open-lightbox=\"yes\" data-elementor-lightbox-slideshow=\"c0a4b18\" data-e-action-hash=\"#elementor-action%3Aaction%3Dlightbox%26settings%3DeyJpZCI6NTc3MCwidXJsIjoiaHR0cHM6XC9cL2NvdmludGVjLmNvbVwvd3AtY29udGVudFwvdXBsb2Fkc1wvMjAyNVwvMDRcL0RJU0VOTy5wbmciLCJzbGlkZXNob3ciOiJjMGE0YjE4In0%3D\">\n\t\t\t\t\t<div class=\"e-gallery-image elementor-gallery-item__image\" data-thumbnail=\"https:\/\/covintec.com\/wp-content\/uploads\/2025\/04\/DISENO-300x300.png\" data-width=\"300\" data-height=\"300\" aria-label=\"\" role=\"img\" ><\/div>\n\t\t\t\t\t\t\t\t\t\t\t<div class=\"elementor-gallery-item__overlay\"><\/div>\n\t\t\t\t\t\t\t\t\t\t\t\t\t\t<\/a>\n\t\t\t\t\t<\/div>\n\t\t\t\t\t<\/div>\n\t\t\t\t<\/div>\n\t\t\t\t\t<\/div>\n\t\t\t\t<\/div>\n\t\t\t\t<\/div>","protected":false},"excerpt":{"rendered":"<p>C\u00fapulas con Covintec Dise\u00f1os unicos F\u00e1cil y r\u00e1pido de construir. Optimizaci\u00f3n de costos en la construcci\u00f3n. &nbsp; Nuestros \u00faltimos videos Proyectos Covintec con c\u00fapulas<\/p>","protected":false},"author":3,"featured_media":0,"parent":0,"menu_order":0,"comment_status":"closed","ping_status":"closed","template":"elementor_header_footer","meta":{"_joinchat":[],"footnotes":""},"class_list":["post-1899","page","type-page","status-publish","hentry"],"yoast_head":"<!-- This site is optimized with the Yoast SEO plugin v27.3 - https:\/\/yoast.com\/product\/yoast-seo-wordpress\/ -->\n<title>C\u00fapulas - Covintec<\/title>\n<meta name=\"robots\" content=\"index, follow, max-snippet:-1, max-image-preview:large, max-video-preview:-1\" \/>\n<link rel=\"canonical\" href=\"https:\/\/covintec.com\/en\/cupulas\/\" \/>\n<meta property=\"og:locale\" content=\"en_US\" \/>\n<meta property=\"og:type\" content=\"article\" \/>\n<meta property=\"og:title\" content=\"C\u00fapulas - Covintec\" \/>\n<meta property=\"og:description\" content=\"C\u00fapulas con Covintec Dise\u00f1os unicos F\u00e1cil y r\u00e1pido de construir. Optimizaci\u00f3n de costos en la construcci\u00f3n. &nbsp; Nuestros \u00faltimos videos Proyectos Covintec con c\u00fapulas\" \/>\n<meta property=\"og:url\" content=\"https:\/\/covintec.com\/en\/cupulas\/\" \/>\n<meta property=\"og:site_name\" content=\"Covintec\" \/>\n<meta property=\"article:modified_time\" content=\"2025-09-18T23:34:37+00:00\" \/>\n<meta name=\"twitter:card\" content=\"summary_large_image\" \/>\n<meta name=\"twitter:label1\" content=\"Est. reading time\" \/>\n\t<meta name=\"twitter:data1\" content=\"1 minute\" \/>\n<script type=\"application\/ld+json\" class=\"yoast-schema-graph\">{\"@context\":\"https:\\\/\\\/schema.org\",\"@graph\":[{\"@type\":\"WebPage\",\"@id\":\"https:\\\/\\\/covintec.com\\\/cupulas\\\/\",\"url\":\"https:\\\/\\\/covintec.com\\\/cupulas\\\/\",\"name\":\"C\u00fapulas - Covintec\",\"isPartOf\":{\"@id\":\"https:\\\/\\\/covintec.com\\\/#website\"},\"datePublished\":\"2024-07-24T23:32:02+00:00\",\"dateModified\":\"2025-09-18T23:34:37+00:00\",\"breadcrumb\":{\"@id\":\"https:\\\/\\\/covintec.com\\\/cupulas\\\/#breadcrumb\"},\"inLanguage\":\"en-US\",\"potentialAction\":[{\"@type\":\"ReadAction\",\"target\":[\"https:\\\/\\\/covintec.com\\\/cupulas\\\/\"]}]},{\"@type\":\"BreadcrumbList\",\"@id\":\"https:\\\/\\\/covintec.com\\\/cupulas\\\/#breadcrumb\",\"itemListElement\":[{\"@type\":\"ListItem\",\"position\":1,\"name\":\"Portada\",\"item\":\"https:\\\/\\\/covintec.com\\\/\"},{\"@type\":\"ListItem\",\"position\":2,\"name\":\"C\u00fapulas\"}]},{\"@type\":\"WebSite\",\"@id\":\"https:\\\/\\\/covintec.com\\\/#website\",\"url\":\"https:\\\/\\\/covintec.com\\\/\",\"name\":\"Covintec\",\"description\":\"\u00a1Construye f\u00e1cil y r\u00e1pido!\",\"publisher\":{\"@id\":\"https:\\\/\\\/covintec.com\\\/#organization\"},\"potentialAction\":[{\"@type\":\"SearchAction\",\"target\":{\"@type\":\"EntryPoint\",\"urlTemplate\":\"https:\\\/\\\/covintec.com\\\/?s={search_term_string}\"},\"query-input\":{\"@type\":\"PropertyValueSpecification\",\"valueRequired\":true,\"valueName\":\"search_term_string\"}}],\"inLanguage\":\"en-US\"},{\"@type\":\"Organization\",\"@id\":\"https:\\\/\\\/covintec.com\\\/#organization\",\"name\":\"Covintec\",\"url\":\"https:\\\/\\\/covintec.com\\\/\",\"logo\":{\"@type\":\"ImageObject\",\"inLanguage\":\"en-US\",\"@id\":\"https:\\\/\\\/covintec.com\\\/#\\\/schema\\\/logo\\\/image\\\/\",\"url\":\"https:\\\/\\\/covintec.com\\\/wp-content\\\/uploads\\\/2023\\\/07\\\/cropped-favicon-covintec.jpg\",\"contentUrl\":\"https:\\\/\\\/covintec.com\\\/wp-content\\\/uploads\\\/2023\\\/07\\\/cropped-favicon-covintec.jpg\",\"width\":512,\"height\":512,\"caption\":\"Covintec\"},\"image\":{\"@id\":\"https:\\\/\\\/covintec.com\\\/#\\\/schema\\\/logo\\\/image\\\/\"}}]}<\/script>\n<!-- \/ Yoast SEO plugin. -->","yoast_head_json":{"title":"C\u00fapulas - Covintec","robots":{"index":"index","follow":"follow","max-snippet":"max-snippet:-1","max-image-preview":"max-image-preview:large","max-video-preview":"max-video-preview:-1"},"canonical":"https:\/\/covintec.com\/en\/cupulas\/","og_locale":"en_US","og_type":"article","og_title":"C\u00fapulas - Covintec","og_description":"C\u00fapulas con Covintec Dise\u00f1os unicos F\u00e1cil y r\u00e1pido de construir. Optimizaci\u00f3n de costos en la construcci\u00f3n. &nbsp; Nuestros \u00faltimos videos Proyectos Covintec con c\u00fapulas","og_url":"https:\/\/covintec.com\/en\/cupulas\/","og_site_name":"Covintec","article_modified_time":"2025-09-18T23:34:37+00:00","twitter_card":"summary_large_image","twitter_misc":{"Est. reading time":"1 minute"},"schema":{"@context":"https:\/\/schema.org","@graph":[{"@type":"WebPage","@id":"https:\/\/covintec.com\/cupulas\/","url":"https:\/\/covintec.com\/cupulas\/","name":"C\u00fapulas - Covintec","isPartOf":{"@id":"https:\/\/covintec.com\/#website"},"datePublished":"2024-07-24T23:32:02+00:00","dateModified":"2025-09-18T23:34:37+00:00","breadcrumb":{"@id":"https:\/\/covintec.com\/cupulas\/#breadcrumb"},"inLanguage":"en-US","potentialAction":[{"@type":"ReadAction","target":["https:\/\/covintec.com\/cupulas\/"]}]},{"@type":"BreadcrumbList","@id":"https:\/\/covintec.com\/cupulas\/#breadcrumb","itemListElement":[{"@type":"ListItem","position":1,"name":"Portada","item":"https:\/\/covintec.com\/"},{"@type":"ListItem","position":2,"name":"C\u00fapulas"}]},{"@type":"WebSite","@id":"https:\/\/covintec.com\/#website","url":"https:\/\/covintec.com\/","name":"Covintec","description":"\u00a1Construye f\u00e1cil y r\u00e1pido!","publisher":{"@id":"https:\/\/covintec.com\/#organization"},"potentialAction":[{"@type":"SearchAction","target":{"@type":"EntryPoint","urlTemplate":"https:\/\/covintec.com\/?s={search_term_string}"},"query-input":{"@type":"PropertyValueSpecification","valueRequired":true,"valueName":"search_term_string"}}],"inLanguage":"en-US"},{"@type":"Organization","@id":"https:\/\/covintec.com\/#organization","name":"Covintec","url":"https:\/\/covintec.com\/","logo":{"@type":"ImageObject","inLanguage":"en-US","@id":"https:\/\/covintec.com\/#\/schema\/logo\/image\/","url":"https:\/\/covintec.com\/wp-content\/uploads\/2023\/07\/cropped-favicon-covintec.jpg","contentUrl":"https:\/\/covintec.com\/wp-content\/uploads\/2023\/07\/cropped-favicon-covintec.jpg","width":512,"height":512,"caption":"Covintec"},"image":{"@id":"https:\/\/covintec.com\/#\/schema\/logo\/image\/"}}]}},"_links":{"self":[{"href":"https:\/\/covintec.com\/en\/wp-json\/wp\/v2\/pages\/1899","targetHints":{"allow":["GET"]}}],"collection":[{"href":"https:\/\/covintec.com\/en\/wp-json\/wp\/v2\/pages"}],"about":[{"href":"https:\/\/covintec.com\/en\/wp-json\/wp\/v2\/types\/page"}],"author":[{"embeddable":true,"href":"https:\/\/covintec.com\/en\/wp-json\/wp\/v2\/users\/3"}],"replies":[{"embeddable":true,"href":"https:\/\/covintec.com\/en\/wp-json\/wp\/v2\/comments?post=1899"}],"version-history":[{"count":6,"href":"https:\/\/covintec.com\/en\/wp-json\/wp\/v2\/pages\/1899\/revisions"}],"predecessor-version":[{"id":7885,"href":"https:\/\/covintec.com\/en\/wp-json\/wp\/v2\/pages\/1899\/revisions\/7885"}],"wp:attachment":[{"href":"https:\/\/covintec.com\/en\/wp-json\/wp\/v2\/media?parent=1899"}],"curies":[{"name":"wp","href":"https:\/\/api.w.org\/{rel}","templated":true}]}}