{"id":4684,"date":"2024-11-21T11:49:52","date_gmt":"2024-11-21T16:49:52","guid":{"rendered":"https:\/\/covintec.com\/?page_id=4684"},"modified":"2025-10-23T20:07:15","modified_gmt":"2025-10-24T01:07:15","slug":"videos-dinamicos","status":"publish","type":"page","link":"https:\/\/covintec.com\/en\/videos-dinamicos\/","title":{"rendered":"Dynamic videos"},"content":{"rendered":"<div data-elementor-type=\"wp-page\" data-elementor-id=\"4684\" class=\"elementor elementor-4684\" data-elementor-post-type=\"page\">\n\t\t\t\t\t\t<section class=\"elementor-section elementor-top-section elementor-element elementor-element-682cfe2 elementor-section-boxed elementor-section-height-default elementor-section-height-default\" data-id=\"682cfe2\" data-element_type=\"section\" data-e-type=\"section\" data-settings=\"{&quot;background_background&quot;:&quot;classic&quot;}\">\n\t\t\t\t\t\t<div class=\"elementor-container elementor-column-gap-default\">\n\t\t\t\t\t<div class=\"elementor-column elementor-col-50 elementor-top-column elementor-element elementor-element-17db9ed\" data-id=\"17db9ed\" data-element_type=\"column\" data-e-type=\"column\">\n\t\t\t<div class=\"elementor-widget-wrap elementor-element-populated\">\n\t\t\t\t\t\t<div class=\"elementor-element elementor-element-79bf474 elementor-widget elementor-widget-elementskit-heading\" data-id=\"79bf474\" data-element_type=\"widget\" data-e-type=\"widget\" data-widget_type=\"elementskit-heading.default\">\n\t\t\t\t<div class=\"elementor-widget-container\">\n\t\t\t\t\t<div class=\"ekit-wid-con\" ><div class=\"ekit-heading elementskit-section-title-wraper text_left   ekit_heading_tablet-   ekit_heading_mobile-\"><h2 class=\"ekit-heading--title elementskit-section-title\">Videos Din\u00e1micos<\/h2><div class=\"ekit_heading_separetor_wraper ekit_heading_elementskit-border-divider elementskit-style-long\"><div class=\"elementskit-border-divider elementskit-style-long\"><\/div><\/div>\t\t\t\t<div class='ekit-heading__description'>\n\t\t\t\t\t<p>S\u00edguenos en nuestras redes sociales<\/p>\n\t\t\t\t<\/div>\n\t\t\t<\/div><\/div>\t\t\t\t<\/div>\n\t\t\t\t<\/div>\n\t\t\t\t<div class=\"elementor-element elementor-element-141740f elementor-align-left elementor-align--mobilecenter elementor-hidden-mobile elementor-widget elementor-widget-elementskit-button\" data-id=\"141740f\" data-element_type=\"widget\" data-e-type=\"widget\" data-widget_type=\"elementskit-button.default\">\n\t\t\t\t<div class=\"elementor-widget-container\">\n\t\t\t\t\t<div class=\"ekit-wid-con\" >\t\t<div class=\"ekit-btn-wraper\">\n\t\t\t\t\t\t\t<a href=\"https:\/\/www.youtube.com\/@CovintecMexico\" target=\"_blank\" class=\"elementskit-btn  whitespace--normal\" id=\"\">\n\t\t\t\t\tWatch Videos\t\t\t\t<\/a>\n\t\t\t\t\t<\/div>\n        <\/div>\t\t\t\t<\/div>\n\t\t\t\t<\/div>\n\t\t\t\t\t<\/div>\n\t\t<\/div>\n\t\t\t\t<div class=\"elementor-column elementor-col-50 elementor-top-column elementor-element elementor-element-fd6907e\" data-id=\"fd6907e\" data-element_type=\"column\" data-e-type=\"column\">\n\t\t\t<div class=\"elementor-widget-wrap elementor-element-populated\">\n\t\t\t\t\t\t<div class=\"elementor-element elementor-element-3f287d2 elementor-widget elementor-widget-image\" data-id=\"3f287d2\" data-element_type=\"widget\" data-e-type=\"widget\" data-widget_type=\"image.default\">\n\t\t\t\t<div class=\"elementor-widget-container\">\n\t\t\t\t\t\t\t\t\t\t\t\t\t\t\t<img fetchpriority=\"high\" decoding=\"async\" width=\"300\" height=\"295\" src=\"https:\/\/covintec.com\/wp-content\/uploads\/2024\/11\/Call_to_Actions1-300x295.png\" class=\"attachment-medium size-medium wp-image-4691\" alt=\"\" srcset=\"https:\/\/covintec.com\/wp-content\/uploads\/2024\/11\/Call_to_Actions1-300x295.png 300w, https:\/\/covintec.com\/wp-content\/uploads\/2024\/11\/Call_to_Actions1-416x409.png 416w, https:\/\/covintec.com\/wp-content\/uploads\/2024\/11\/Call_to_Actions1-12x12.png 12w, https:\/\/covintec.com\/wp-content\/uploads\/2024\/11\/Call_to_Actions1.png 545w\" sizes=\"(max-width: 300px) 100vw, 300px\" \/>\t\t\t\t\t\t\t\t\t\t\t\t\t\t\t<\/div>\n\t\t\t\t<\/div>\n\t\t\t\t\t<\/div>\n\t\t<\/div>\n\t\t\t\t\t<\/div>\n\t\t<\/section>\n\t\t\t\t<section class=\"elementor-section elementor-top-section elementor-element elementor-element-711d7ea elementor-section-boxed elementor-section-height-default elementor-section-height-default\" data-id=\"711d7ea\" data-element_type=\"section\" data-e-type=\"section\">\n\t\t\t\t\t\t<div class=\"elementor-container elementor-column-gap-default\">\n\t\t\t\t\t<div class=\"elementor-column elementor-col-100 elementor-top-column elementor-element elementor-element-75fccb8\" data-id=\"75fccb8\" data-element_type=\"column\" data-e-type=\"column\">\n\t\t\t<div class=\"elementor-widget-wrap elementor-element-populated\">\n\t\t\t\t\t\t<div class=\"elementor-element elementor-element-d58259a elementor-widget elementor-widget-spacer\" data-id=\"d58259a\" data-element_type=\"widget\" data-e-type=\"widget\" data-widget_type=\"spacer.default\">\n\t\t\t\t<div class=\"elementor-widget-container\">\n\t\t\t\t\t\t\t<div class=\"elementor-spacer\">\n\t\t\t<div class=\"elementor-spacer-inner\"><\/div>\n\t\t<\/div>\n\t\t\t\t\t\t<\/div>\n\t\t\t\t<\/div>\n\t\t<div class=\"elementor-element elementor-element-7db7717 e-flex e-con-boxed e-con e-parent\" data-id=\"7db7717\" data-element_type=\"container\" data-e-type=\"container\">\n\t\t\t\t\t<div class=\"e-con-inner\">\n\t\t\t\t<div class=\"elementor-element elementor-element-2b71d53 elementor-invisible elementor-widget elementor-widget-elementskit-heading\" data-id=\"2b71d53\" data-element_type=\"widget\" data-e-type=\"widget\" data-settings=\"{&quot;_animation&quot;:&quot;fadeInDown&quot;}\" data-widget_type=\"elementskit-heading.default\">\n\t\t\t\t<div class=\"elementor-widget-container\">\n\t\t\t\t\t<div class=\"ekit-wid-con\" ><div class=\"ekit-heading elementskit-section-title-wraper text_center   ekit_heading_tablet-   ekit_heading_mobile-\"><h3 class=\"elementskit-section-subtitle\">\n\t\t\t\t\t\tStep 11\n\t\t\t\t\t<\/h3><h2 class=\"ekit-heading--title elementskit-section-title\">APRENDE M\u00c1S CON COVINTEC<\/h2>\t\t\t\t<div class='ekit-heading__description'>\n\t\t\t\t\t<p>Here are some videos you can watch to learn more:<\/p>\n\t\t\t\t<\/div>\n\t\t\t<\/div><\/div>\t\t\t\t<\/div>\n\t\t\t\t<\/div>\n\t\t<div class=\"elementor-element elementor-element-8acb3a1 e-grid e-con-full e-con e-child\" data-id=\"8acb3a1\" data-element_type=\"container\" data-e-type=\"container\">\n\t\t<div class=\"elementor-element elementor-element-de6f8f5 e-con-full e-flex e-con e-child\" data-id=\"de6f8f5\" data-element_type=\"container\" data-e-type=\"container\">\n\t\t\t\t<div class=\"elementor-element elementor-element-be0223d elementor-widget elementor-widget-video\" data-id=\"be0223d\" data-element_type=\"widget\" data-e-type=\"widget\" data-settings=\"{&quot;youtube_url&quot;:&quot;https:\\\/\\\/www.youtube.com\\\/watch?v=n-j_3jzD8L4&amp;list=PLh4DHRQ7FUOzdD-hwyMPABwTkrMc1wYDx&amp;index=1&quot;,&quot;video_type&quot;:&quot;youtube&quot;,&quot;controls&quot;:&quot;yes&quot;}\" data-widget_type=\"video.default\">\n\t\t\t\t<div class=\"elementor-widget-container\">\n\t\t\t\t\t\t\t<div class=\"elementor-wrapper elementor-open-inline\">\n\t\t\t<div class=\"elementor-video\"><\/div>\t\t<\/div>\n\t\t\t\t\t\t<\/div>\n\t\t\t\t<\/div>\n\t\t\t\t<div class=\"elementor-element elementor-element-005d11a elementor-widget elementor-widget-heading\" data-id=\"005d11a\" data-element_type=\"widget\" data-e-type=\"widget\" data-widget_type=\"heading.default\">\n\t\t\t\t<div class=\"elementor-widget-container\">\n\t\t\t\t\t<h5 class=\"elementor-heading-title elementor-size-default\">Armado de Qualylosas Covintec<\/h5>\t\t\t\t<\/div>\n\t\t\t\t<\/div>\n\t\t\t\t<\/div>\n\t\t<div class=\"elementor-element elementor-element-99c476e e-con-full e-flex e-con e-child\" data-id=\"99c476e\" data-element_type=\"container\" data-e-type=\"container\">\n\t\t\t\t<div class=\"elementor-element elementor-element-49e580d elementor-widget elementor-widget-video\" data-id=\"49e580d\" data-element_type=\"widget\" data-e-type=\"widget\" data-settings=\"{&quot;youtube_url&quot;:&quot;https:\\\/\\\/www.youtube.com\\\/watch?v=bVWiqvbX2wk&amp;list=PLh4DHRQ7FUOzdD-hwyMPABwTkrMc1wYDx&amp;index=2&quot;,&quot;video_type&quot;:&quot;youtube&quot;,&quot;controls&quot;:&quot;yes&quot;}\" data-widget_type=\"video.default\">\n\t\t\t\t<div class=\"elementor-widget-container\">\n\t\t\t\t\t\t\t<div class=\"elementor-wrapper elementor-open-inline\">\n\t\t\t<div class=\"elementor-video\"><\/div>\t\t<\/div>\n\t\t\t\t\t\t<\/div>\n\t\t\t\t<\/div>\n\t\t\t\t<div class=\"elementor-element elementor-element-ca28a3f elementor-widget elementor-widget-heading\" data-id=\"ca28a3f\" data-element_type=\"widget\" data-e-type=\"widget\" data-widget_type=\"heading.default\">\n\t\t\t\t<div class=\"elementor-widget-container\">\n\t\t\t\t\t<h5 class=\"elementor-heading-title elementor-size-default\">Armado de Muros Covintec<\/h5>\t\t\t\t<\/div>\n\t\t\t\t<\/div>\n\t\t\t\t<\/div>\n\t\t<div class=\"elementor-element elementor-element-d9662eb e-con-full e-flex e-con e-child\" data-id=\"d9662eb\" data-element_type=\"container\" data-e-type=\"container\">\n\t\t\t\t<div class=\"elementor-element elementor-element-e28617e elementor-widget elementor-widget-video\" data-id=\"e28617e\" data-element_type=\"widget\" data-e-type=\"widget\" data-settings=\"{&quot;youtube_url&quot;:&quot;https:\\\/\\\/www.youtube.com\\\/watch?v=uj8LptLqFqo&amp;list=PLh4DHRQ7FUOzdD-hwyMPABwTkrMc1wYDx&amp;index=6&quot;,&quot;video_type&quot;:&quot;youtube&quot;,&quot;controls&quot;:&quot;yes&quot;}\" data-widget_type=\"video.default\">\n\t\t\t\t<div class=\"elementor-widget-container\">\n\t\t\t\t\t\t\t<div class=\"elementor-wrapper elementor-open-inline\">\n\t\t\t<div class=\"elementor-video\"><\/div>\t\t<\/div>\n\t\t\t\t\t\t<\/div>\n\t\t\t\t<\/div>\n\t\t\t\t<div class=\"elementor-element elementor-element-404e473 elementor-widget elementor-widget-heading\" data-id=\"404e473\" data-element_type=\"widget\" data-e-type=\"widget\" data-widget_type=\"heading.default\">\n\t\t\t\t<div class=\"elementor-widget-container\">\n\t\t\t\t\t<h5 class=\"elementor-heading-title elementor-size-default\">Costos del sistema Constructivo Covintec<\/h5>\t\t\t\t<\/div>\n\t\t\t\t<\/div>\n\t\t\t\t<\/div>\n\t\t\t\t<\/div>\n\t\t\t\t\t<\/div>\n\t\t\t\t<\/div>\n\t\t\t\t\t<\/div>\n\t\t<\/div>\n\t\t\t\t\t<\/div>\n\t\t<\/section>\n\t\t\t\t<\/div>","protected":false},"excerpt":{"rendered":"<p>Videos Din\u00e1micos S\u00edguenos en nuestras redes sociales Ver Videos Paso 11 APRENDE M\u00c1S CON COVINTEC Aqu\u00ed tienes algunos videos que puedes ver para aprender m\u00e1s: Armado de Qualylosas Covintec Armado de Muros Covintec Costos del sistema Constructivo Covintec<\/p>","protected":false},"author":3,"featured_media":0,"parent":0,"menu_order":0,"comment_status":"closed","ping_status":"closed","template":"elementor_header_footer","meta":{"_joinchat":[],"footnotes":""},"class_list":["post-4684","page","type-page","status-publish","hentry"],"yoast_head":"<!-- This site is optimized with the Yoast SEO plugin v27.3 - https:\/\/yoast.com\/product\/yoast-seo-wordpress\/ -->\n<title>Videos dinamicos - Covintec<\/title>\n<meta name=\"robots\" content=\"index, follow, max-snippet:-1, max-image-preview:large, max-video-preview:-1\" \/>\n<link rel=\"canonical\" href=\"https:\/\/covintec.com\/en\/videos-dinamicos\/\" \/>\n<meta property=\"og:locale\" content=\"en_US\" \/>\n<meta property=\"og:type\" content=\"article\" \/>\n<meta property=\"og:title\" content=\"Videos dinamicos - Covintec\" \/>\n<meta property=\"og:description\" content=\"Videos Din\u00e1micos S\u00edguenos en nuestras redes sociales Ver Videos Paso 11 APRENDE M\u00c1S CON COVINTEC Aqu\u00ed tienes algunos videos que puedes ver para aprender m\u00e1s: Armado de Qualylosas Covintec Armado de Muros Covintec Costos del sistema Constructivo Covintec\" \/>\n<meta property=\"og:url\" content=\"https:\/\/covintec.com\/en\/videos-dinamicos\/\" \/>\n<meta property=\"og:site_name\" content=\"Covintec\" \/>\n<meta property=\"article:modified_time\" content=\"2025-10-24T01:07:15+00:00\" \/>\n<meta property=\"og:image\" content=\"https:\/\/covintec.com\/wp-content\/uploads\/2024\/11\/Call_to_Actions1.png\" \/>\n\t<meta property=\"og:image:width\" content=\"545\" \/>\n\t<meta property=\"og:image:height\" content=\"536\" \/>\n\t<meta property=\"og:image:type\" content=\"image\/png\" \/>\n<meta name=\"twitter:card\" content=\"summary_large_image\" \/>\n<meta name=\"twitter:label1\" content=\"Est. reading time\" \/>\n\t<meta name=\"twitter:data1\" content=\"1 minute\" \/>\n<script type=\"application\/ld+json\" class=\"yoast-schema-graph\">{\"@context\":\"https:\\\/\\\/schema.org\",\"@graph\":[{\"@type\":\"WebPage\",\"@id\":\"https:\\\/\\\/covintec.com\\\/videos-dinamicos\\\/\",\"url\":\"https:\\\/\\\/covintec.com\\\/videos-dinamicos\\\/\",\"name\":\"Videos dinamicos - Covintec\",\"isPartOf\":{\"@id\":\"https:\\\/\\\/covintec.com\\\/#website\"},\"primaryImageOfPage\":{\"@id\":\"https:\\\/\\\/covintec.com\\\/videos-dinamicos\\\/#primaryimage\"},\"image\":{\"@id\":\"https:\\\/\\\/covintec.com\\\/videos-dinamicos\\\/#primaryimage\"},\"thumbnailUrl\":\"https:\\\/\\\/covintec.com\\\/wp-content\\\/uploads\\\/2024\\\/11\\\/Call_to_Actions1-300x295.png\",\"datePublished\":\"2024-11-21T16:49:52+00:00\",\"dateModified\":\"2025-10-24T01:07:15+00:00\",\"breadcrumb\":{\"@id\":\"https:\\\/\\\/covintec.com\\\/videos-dinamicos\\\/#breadcrumb\"},\"inLanguage\":\"en-US\",\"potentialAction\":[{\"@type\":\"ReadAction\",\"target\":[\"https:\\\/\\\/covintec.com\\\/videos-dinamicos\\\/\"]}]},{\"@type\":\"ImageObject\",\"inLanguage\":\"en-US\",\"@id\":\"https:\\\/\\\/covintec.com\\\/videos-dinamicos\\\/#primaryimage\",\"url\":\"https:\\\/\\\/covintec.com\\\/wp-content\\\/uploads\\\/2024\\\/11\\\/Call_to_Actions1-300x295.png\",\"contentUrl\":\"https:\\\/\\\/covintec.com\\\/wp-content\\\/uploads\\\/2024\\\/11\\\/Call_to_Actions1-300x295.png\"},{\"@type\":\"BreadcrumbList\",\"@id\":\"https:\\\/\\\/covintec.com\\\/videos-dinamicos\\\/#breadcrumb\",\"itemListElement\":[{\"@type\":\"ListItem\",\"position\":1,\"name\":\"Portada\",\"item\":\"https:\\\/\\\/covintec.com\\\/\"},{\"@type\":\"ListItem\",\"position\":2,\"name\":\"Videos dinamicos\"}]},{\"@type\":\"WebSite\",\"@id\":\"https:\\\/\\\/covintec.com\\\/#website\",\"url\":\"https:\\\/\\\/covintec.com\\\/\",\"name\":\"Covintec\",\"description\":\"\u00a1Construye f\u00e1cil y r\u00e1pido!\",\"publisher\":{\"@id\":\"https:\\\/\\\/covintec.com\\\/#organization\"},\"potentialAction\":[{\"@type\":\"SearchAction\",\"target\":{\"@type\":\"EntryPoint\",\"urlTemplate\":\"https:\\\/\\\/covintec.com\\\/?s={search_term_string}\"},\"query-input\":{\"@type\":\"PropertyValueSpecification\",\"valueRequired\":true,\"valueName\":\"search_term_string\"}}],\"inLanguage\":\"en-US\"},{\"@type\":\"Organization\",\"@id\":\"https:\\\/\\\/covintec.com\\\/#organization\",\"name\":\"Covintec\",\"url\":\"https:\\\/\\\/covintec.com\\\/\",\"logo\":{\"@type\":\"ImageObject\",\"inLanguage\":\"en-US\",\"@id\":\"https:\\\/\\\/covintec.com\\\/#\\\/schema\\\/logo\\\/image\\\/\",\"url\":\"https:\\\/\\\/covintec.com\\\/wp-content\\\/uploads\\\/2023\\\/07\\\/cropped-favicon-covintec.jpg\",\"contentUrl\":\"https:\\\/\\\/covintec.com\\\/wp-content\\\/uploads\\\/2023\\\/07\\\/cropped-favicon-covintec.jpg\",\"width\":512,\"height\":512,\"caption\":\"Covintec\"},\"image\":{\"@id\":\"https:\\\/\\\/covintec.com\\\/#\\\/schema\\\/logo\\\/image\\\/\"}}]}<\/script>\n<!-- \/ Yoast SEO plugin. -->","yoast_head_json":{"title":"Videos dinamicos - Covintec","robots":{"index":"index","follow":"follow","max-snippet":"max-snippet:-1","max-image-preview":"max-image-preview:large","max-video-preview":"max-video-preview:-1"},"canonical":"https:\/\/covintec.com\/en\/videos-dinamicos\/","og_locale":"en_US","og_type":"article","og_title":"Videos dinamicos - Covintec","og_description":"Videos Din\u00e1micos S\u00edguenos en nuestras redes sociales Ver Videos Paso 11 APRENDE M\u00c1S CON COVINTEC Aqu\u00ed tienes algunos videos que puedes ver para aprender m\u00e1s: Armado de Qualylosas Covintec Armado de Muros Covintec Costos del sistema Constructivo Covintec","og_url":"https:\/\/covintec.com\/en\/videos-dinamicos\/","og_site_name":"Covintec","article_modified_time":"2025-10-24T01:07:15+00:00","og_image":[{"width":545,"height":536,"url":"https:\/\/covintec.com\/wp-content\/uploads\/2024\/11\/Call_to_Actions1.png","type":"image\/png"}],"twitter_card":"summary_large_image","twitter_misc":{"Est. reading time":"1 minute"},"schema":{"@context":"https:\/\/schema.org","@graph":[{"@type":"WebPage","@id":"https:\/\/covintec.com\/videos-dinamicos\/","url":"https:\/\/covintec.com\/videos-dinamicos\/","name":"Videos dinamicos - Covintec","isPartOf":{"@id":"https:\/\/covintec.com\/#website"},"primaryImageOfPage":{"@id":"https:\/\/covintec.com\/videos-dinamicos\/#primaryimage"},"image":{"@id":"https:\/\/covintec.com\/videos-dinamicos\/#primaryimage"},"thumbnailUrl":"https:\/\/covintec.com\/wp-content\/uploads\/2024\/11\/Call_to_Actions1-300x295.png","datePublished":"2024-11-21T16:49:52+00:00","dateModified":"2025-10-24T01:07:15+00:00","breadcrumb":{"@id":"https:\/\/covintec.com\/videos-dinamicos\/#breadcrumb"},"inLanguage":"en-US","potentialAction":[{"@type":"ReadAction","target":["https:\/\/covintec.com\/videos-dinamicos\/"]}]},{"@type":"ImageObject","inLanguage":"en-US","@id":"https:\/\/covintec.com\/videos-dinamicos\/#primaryimage","url":"https:\/\/covintec.com\/wp-content\/uploads\/2024\/11\/Call_to_Actions1-300x295.png","contentUrl":"https:\/\/covintec.com\/wp-content\/uploads\/2024\/11\/Call_to_Actions1-300x295.png"},{"@type":"BreadcrumbList","@id":"https:\/\/covintec.com\/videos-dinamicos\/#breadcrumb","itemListElement":[{"@type":"ListItem","position":1,"name":"Portada","item":"https:\/\/covintec.com\/"},{"@type":"ListItem","position":2,"name":"Videos dinamicos"}]},{"@type":"WebSite","@id":"https:\/\/covintec.com\/#website","url":"https:\/\/covintec.com\/","name":"Covintec","description":"\u00a1Construye f\u00e1cil y r\u00e1pido!","publisher":{"@id":"https:\/\/covintec.com\/#organization"},"potentialAction":[{"@type":"SearchAction","target":{"@type":"EntryPoint","urlTemplate":"https:\/\/covintec.com\/?s={search_term_string}"},"query-input":{"@type":"PropertyValueSpecification","valueRequired":true,"valueName":"search_term_string"}}],"inLanguage":"en-US"},{"@type":"Organization","@id":"https:\/\/covintec.com\/#organization","name":"Covintec","url":"https:\/\/covintec.com\/","logo":{"@type":"ImageObject","inLanguage":"en-US","@id":"https:\/\/covintec.com\/#\/schema\/logo\/image\/","url":"https:\/\/covintec.com\/wp-content\/uploads\/2023\/07\/cropped-favicon-covintec.jpg","contentUrl":"https:\/\/covintec.com\/wp-content\/uploads\/2023\/07\/cropped-favicon-covintec.jpg","width":512,"height":512,"caption":"Covintec"},"image":{"@id":"https:\/\/covintec.com\/#\/schema\/logo\/image\/"}}]}},"_links":{"self":[{"href":"https:\/\/covintec.com\/en\/wp-json\/wp\/v2\/pages\/4684","targetHints":{"allow":["GET"]}}],"collection":[{"href":"https:\/\/covintec.com\/en\/wp-json\/wp\/v2\/pages"}],"about":[{"href":"https:\/\/covintec.com\/en\/wp-json\/wp\/v2\/types\/page"}],"author":[{"embeddable":true,"href":"https:\/\/covintec.com\/en\/wp-json\/wp\/v2\/users\/3"}],"replies":[{"embeddable":true,"href":"https:\/\/covintec.com\/en\/wp-json\/wp\/v2\/comments?post=4684"}],"version-history":[{"count":9,"href":"https:\/\/covintec.com\/en\/wp-json\/wp\/v2\/pages\/4684\/revisions"}],"predecessor-version":[{"id":8065,"href":"https:\/\/covintec.com\/en\/wp-json\/wp\/v2\/pages\/4684\/revisions\/8065"}],"wp:attachment":[{"href":"https:\/\/covintec.com\/en\/wp-json\/wp\/v2\/media?parent=4684"}],"curies":[{"name":"wp","href":"https:\/\/api.w.org\/{rel}","templated":true}]}}