{"id":2263,"date":"2024-08-07T10:10:47","date_gmt":"2024-08-07T15:10:47","guid":{"rendered":"https:\/\/covintec.com\/?post_type=product&#038;p=2263"},"modified":"2024-12-17T15:14:02","modified_gmt":"2024-12-17T20:14:02","slug":"placa-de-poliestireno-3-x-122-x-244-cm-d-16","status":"publish","type":"product","link":"https:\/\/covintec.com\/en\/productos\/placa-de-poliestireno-3-x-122-x-244-cm-d-16\/","title":{"rendered":"Placa de poliestireno"},"content":{"rendered":"<div class=\"jsx-3813685378\">\n<div class=\"jsx-1675311072 sub-table-container\">\n<p><strong>LA PLACA COVINTEC<\/strong> es un termoaislante formado por espuma de poliestireno expandido de alta calidad, ofreciendo excelentes propiedades mec\u00e1nicas, adaptable a una gran variedad de productos de revestimiento, desde el mortero com\u00fan hasta pinturas y pastas libres de solventes.<\/p>\n<div class=\"jsx-1675311072 attribute\">\n<div><strong>Caracter\u00edsticas del producto<\/strong><\/div>\n<\/div>\n<\/div>\n<\/div>\n<div class=\"jsx-3813685378\">\n<div class=\"jsx-1675311072 sub-table-container\">\n<div class=\"jsx-1675311072 attribute first\">\n<div class=\"jsx-1675311072 element key\"><strong>Densidad: <\/strong>8kg\/m3<\/div>\n<\/div>\n<div class=\"jsx-1675311072 attribute\">\n<div class=\"jsx-1675311072 element key\"><strong>Conductividad T\u00e9rmica:<\/strong> 0.0489 W\/M*K<\/div>\n<\/div>\n<div class=\"jsx-1675311072 attribute\">\n<div class=\"jsx-1675311072 element key\"><strong>Resistencia t\u00e9rmica para 10.16mm (4in): <\/strong>3.07 m2*k\/w<\/div>\n<div>\n<div class=\"jsx-1675311072 element key\"><strong>Resistencia a la compresi\u00f3n para una deformacion de 1%: <\/strong>7(1.0) Kpa(psi)<\/div>\n<div>\n<div>\n<div class=\"jsx-1675311072 element key\"><strong>Resistencia a la compresi\u00f3n para una deformacion de 5%: <\/strong>16(2.3) Kpa(psi)<\/div>\n<\/div>\n<\/div>\n<div><\/div>\n<\/div>\n<\/div>\n<\/div>\n<\/div>","protected":false},"excerpt":{"rendered":"<p>Usado principal mente en pisos, muros, techos de casas as\u00ed como complemento de impermeabilizaci\u00f3n proporcionando pendientes para el desalojo de agua de lluvia. Revestimiento t\u00e9rmico de muros, cubiertas, cimentaci\u00f3n, edificios, casas habitaci\u00f3n, etc, debido a la esistencia del paso de calor.<\/p>\n<p class=\"jsx-1415091980 attribute-title\"><strong>Dimensiones comerciales<\/strong><\/p>\n<ul>\n<li class=\"jsx-1415091980\"><span class=\"jsx-1415091980 attribute-icon\">2.5 x 61 x 61 cm<\/span><\/li>\n<li><span class=\"jsx-1415091980 attribute-icon\">3x 122 x 244 cm<br \/>\n<\/span><\/li>\n<li><span class=\"jsx-1415091980 attribute-icon\">5 x 122x 244 cm <\/span><\/li>\n<\/ul>\n<hr \/>\n<h6><a href=\"https:\/\/covintec.com\/wp-content\/uploads\/2024\/08\/PLACA.pdf\" target=\"_blank\" rel=\"noopener\">Technical Sheet<\/a> \u00a0<i class=\"fa fa-file-pdf-o\"><\/i><\/h6>","protected":false},"featured_media":0,"template":"","meta":{"_joinchat":[]},"product_brand":[],"product_cat":[88],"product_tag":[],"class_list":{"0":"post-2263","1":"product","2":"type-product","3":"status-publish","5":"product_cat-eps","7":"first","8":"instock","9":"shipping-taxable","10":"product-type-external"},"yoast_head":"<!-- This site is optimized with the Yoast SEO plugin v27.5 - https:\/\/yoast.com\/product\/yoast-seo-wordpress\/ -->\n<title>Placa de poliestireno - Covintec<\/title>\n<meta name=\"robots\" content=\"index, follow, max-snippet:-1, max-image-preview:large, max-video-preview:-1\" \/>\n<link rel=\"canonical\" href=\"https:\/\/covintec.com\/en\/productos\/placa-de-poliestireno-3-x-122-x-244-cm-d-16\/\" \/>\n<meta property=\"og:locale\" content=\"en_US\" \/>\n<meta property=\"og:type\" content=\"article\" \/>\n<meta property=\"og:title\" content=\"Placa de poliestireno - Covintec\" \/>\n<meta property=\"og:description\" content=\"Usado principal mente en pisos, muros, techos de casas as\u00ed como complemento de impermeabilizaci\u00f3n proporcionando pendientes para el desalojo de agua de lluvia. Revestimiento t\u00e9rmico de muros, cubiertas, cimentaci\u00f3n, edificios, casas habitaci\u00f3n, etc, debido a la esistencia del paso de calor. Dimensiones comerciales    2.5 x 61 x 61 cm  3x 122 x 244 cm   5 x 122x 244 cm      Ficha Tecnica \u00a0\" \/>\n<meta property=\"og:url\" content=\"https:\/\/covintec.com\/en\/productos\/placa-de-poliestireno-3-x-122-x-244-cm-d-16\/\" \/>\n<meta property=\"og:site_name\" content=\"Covintec\" \/>\n<meta property=\"article:modified_time\" content=\"2024-12-17T20:14:02+00:00\" \/>\n<meta property=\"og:image\" content=\"https:\/\/covintec.com\/wp-content\/uploads\/2024\/08\/placa-scaled.jpg\" \/>\n\t<meta property=\"og:image:width\" content=\"2560\" \/>\n\t<meta property=\"og:image:height\" content=\"1920\" \/>\n\t<meta property=\"og:image:type\" content=\"image\/jpeg\" \/>\n<meta name=\"twitter:card\" content=\"summary_large_image\" \/>\n<meta name=\"twitter:label1\" content=\"Est. reading time\" \/>\n\t<meta name=\"twitter:data1\" content=\"1 minute\" \/>\n<script type=\"application\/ld+json\" class=\"yoast-schema-graph\">{\"@context\":\"https:\\\/\\\/schema.org\",\"@graph\":[{\"@type\":\"WebPage\",\"@id\":\"https:\\\/\\\/covintec.com\\\/productos\\\/placa-de-poliestireno-3-x-122-x-244-cm-d-16\\\/\",\"url\":\"https:\\\/\\\/covintec.com\\\/productos\\\/placa-de-poliestireno-3-x-122-x-244-cm-d-16\\\/\",\"name\":\"Placa de poliestireno - Covintec\",\"isPartOf\":{\"@id\":\"https:\\\/\\\/covintec.com\\\/#website\"},\"datePublished\":\"2024-08-07T15:10:47+00:00\",\"dateModified\":\"2024-12-17T20:14:02+00:00\",\"breadcrumb\":{\"@id\":\"https:\\\/\\\/covintec.com\\\/productos\\\/placa-de-poliestireno-3-x-122-x-244-cm-d-16\\\/#breadcrumb\"},\"inLanguage\":\"en-US\",\"potentialAction\":[{\"@type\":\"ReadAction\",\"target\":[\"https:\\\/\\\/covintec.com\\\/productos\\\/placa-de-poliestireno-3-x-122-x-244-cm-d-16\\\/\"]}]},{\"@type\":\"BreadcrumbList\",\"@id\":\"https:\\\/\\\/covintec.com\\\/productos\\\/placa-de-poliestireno-3-x-122-x-244-cm-d-16\\\/#breadcrumb\",\"itemListElement\":[{\"@type\":\"ListItem\",\"position\":1,\"name\":\"Portada\",\"item\":\"https:\\\/\\\/covintec.com\\\/\"},{\"@type\":\"ListItem\",\"position\":2,\"name\":\"Productos\",\"item\":\"https:\\\/\\\/covintec.com\\\/productos\\\/\"},{\"@type\":\"ListItem\",\"position\":3,\"name\":\"Placa de poliestireno\"}]},{\"@type\":\"WebSite\",\"@id\":\"https:\\\/\\\/covintec.com\\\/#website\",\"url\":\"https:\\\/\\\/covintec.com\\\/\",\"name\":\"Covintec\",\"description\":\"\u00a1Construye f\u00e1cil y r\u00e1pido!\",\"publisher\":{\"@id\":\"https:\\\/\\\/covintec.com\\\/#organization\"},\"potentialAction\":[{\"@type\":\"SearchAction\",\"target\":{\"@type\":\"EntryPoint\",\"urlTemplate\":\"https:\\\/\\\/covintec.com\\\/?s={search_term_string}\"},\"query-input\":{\"@type\":\"PropertyValueSpecification\",\"valueRequired\":true,\"valueName\":\"search_term_string\"}}],\"inLanguage\":\"en-US\"},{\"@type\":\"Organization\",\"@id\":\"https:\\\/\\\/covintec.com\\\/#organization\",\"name\":\"Covintec\",\"url\":\"https:\\\/\\\/covintec.com\\\/\",\"logo\":{\"@type\":\"ImageObject\",\"inLanguage\":\"en-US\",\"@id\":\"https:\\\/\\\/covintec.com\\\/#\\\/schema\\\/logo\\\/image\\\/\",\"url\":\"https:\\\/\\\/covintec.com\\\/wp-content\\\/uploads\\\/2023\\\/07\\\/cropped-favicon-covintec.jpg\",\"contentUrl\":\"https:\\\/\\\/covintec.com\\\/wp-content\\\/uploads\\\/2023\\\/07\\\/cropped-favicon-covintec.jpg\",\"width\":512,\"height\":512,\"caption\":\"Covintec\"},\"image\":{\"@id\":\"https:\\\/\\\/covintec.com\\\/#\\\/schema\\\/logo\\\/image\\\/\"}}]}<\/script>\n<!-- \/ Yoast SEO plugin. -->","yoast_head_json":{"title":"Placa de poliestireno - Covintec","robots":{"index":"index","follow":"follow","max-snippet":"max-snippet:-1","max-image-preview":"max-image-preview:large","max-video-preview":"max-video-preview:-1"},"canonical":"https:\/\/covintec.com\/en\/productos\/placa-de-poliestireno-3-x-122-x-244-cm-d-16\/","og_locale":"en_US","og_type":"article","og_title":"Placa de poliestireno - Covintec","og_description":"Usado principal mente en pisos, muros, techos de casas as\u00ed como complemento de impermeabilizaci\u00f3n proporcionando pendientes para el desalojo de agua de lluvia. Revestimiento t\u00e9rmico de muros, cubiertas, cimentaci\u00f3n, edificios, casas habitaci\u00f3n, etc, debido a la esistencia del paso de calor. Dimensiones comerciales    2.5 x 61 x 61 cm  3x 122 x 244 cm   5 x 122x 244 cm      Ficha Tecnica \u00a0","og_url":"https:\/\/covintec.com\/en\/productos\/placa-de-poliestireno-3-x-122-x-244-cm-d-16\/","og_site_name":"Covintec","article_modified_time":"2024-12-17T20:14:02+00:00","og_image":[{"width":2560,"height":1920,"url":"https:\/\/covintec.com\/wp-content\/uploads\/2024\/08\/placa-scaled.jpg","type":"image\/jpeg"}],"twitter_card":"summary_large_image","twitter_misc":{"Est. reading time":"1 minute"},"schema":{"@context":"https:\/\/schema.org","@graph":[{"@type":"WebPage","@id":"https:\/\/covintec.com\/productos\/placa-de-poliestireno-3-x-122-x-244-cm-d-16\/","url":"https:\/\/covintec.com\/productos\/placa-de-poliestireno-3-x-122-x-244-cm-d-16\/","name":"Placa de poliestireno - Covintec","isPartOf":{"@id":"https:\/\/covintec.com\/#website"},"datePublished":"2024-08-07T15:10:47+00:00","dateModified":"2024-12-17T20:14:02+00:00","breadcrumb":{"@id":"https:\/\/covintec.com\/productos\/placa-de-poliestireno-3-x-122-x-244-cm-d-16\/#breadcrumb"},"inLanguage":"en-US","potentialAction":[{"@type":"ReadAction","target":["https:\/\/covintec.com\/productos\/placa-de-poliestireno-3-x-122-x-244-cm-d-16\/"]}]},{"@type":"BreadcrumbList","@id":"https:\/\/covintec.com\/productos\/placa-de-poliestireno-3-x-122-x-244-cm-d-16\/#breadcrumb","itemListElement":[{"@type":"ListItem","position":1,"name":"Portada","item":"https:\/\/covintec.com\/"},{"@type":"ListItem","position":2,"name":"Productos","item":"https:\/\/covintec.com\/productos\/"},{"@type":"ListItem","position":3,"name":"Placa de poliestireno"}]},{"@type":"WebSite","@id":"https:\/\/covintec.com\/#website","url":"https:\/\/covintec.com\/","name":"Covintec","description":"\u00a1Construye f\u00e1cil y r\u00e1pido!","publisher":{"@id":"https:\/\/covintec.com\/#organization"},"potentialAction":[{"@type":"SearchAction","target":{"@type":"EntryPoint","urlTemplate":"https:\/\/covintec.com\/?s={search_term_string}"},"query-input":{"@type":"PropertyValueSpecification","valueRequired":true,"valueName":"search_term_string"}}],"inLanguage":"en-US"},{"@type":"Organization","@id":"https:\/\/covintec.com\/#organization","name":"Covintec","url":"https:\/\/covintec.com\/","logo":{"@type":"ImageObject","inLanguage":"en-US","@id":"https:\/\/covintec.com\/#\/schema\/logo\/image\/","url":"https:\/\/covintec.com\/wp-content\/uploads\/2023\/07\/cropped-favicon-covintec.jpg","contentUrl":"https:\/\/covintec.com\/wp-content\/uploads\/2023\/07\/cropped-favicon-covintec.jpg","width":512,"height":512,"caption":"Covintec"},"image":{"@id":"https:\/\/covintec.com\/#\/schema\/logo\/image\/"}}]}},"_links":{"self":[{"href":"https:\/\/covintec.com\/en\/wp-json\/wp\/v2\/product\/2263","targetHints":{"allow":["GET"]}}],"collection":[{"href":"https:\/\/covintec.com\/en\/wp-json\/wp\/v2\/product"}],"about":[{"href":"https:\/\/covintec.com\/en\/wp-json\/wp\/v2\/types\/product"}],"wp:attachment":[{"href":"https:\/\/covintec.com\/en\/wp-json\/wp\/v2\/media?parent=2263"}],"wp:term":[{"taxonomy":"product_brand","embeddable":true,"href":"https:\/\/covintec.com\/en\/wp-json\/wp\/v2\/product_brand?post=2263"},{"taxonomy":"product_cat","embeddable":true,"href":"https:\/\/covintec.com\/en\/wp-json\/wp\/v2\/product_cat?post=2263"},{"taxonomy":"product_tag","embeddable":true,"href":"https:\/\/covintec.com\/en\/wp-json\/wp\/v2\/product_tag?post=2263"}],"curies":[{"name":"wp","href":"https:\/\/api.w.org\/{rel}","templated":true}]}}