{"id":2366,"date":"2024-08-20T12:17:19","date_gmt":"2024-08-20T17:17:19","guid":{"rendered":"https:\/\/covintec.com\/?post_type=product&#038;p=2366"},"modified":"2024-12-17T15:04:57","modified_gmt":"2024-12-17T20:04:57","slug":"geofoam","status":"publish","type":"product","link":"https:\/\/covintec.com\/en\/productos\/geofoam\/","title":{"rendered":"Geofoam"},"content":{"rendered":"<p><strong>Geofoam Covintec de 50x100x100 cm<\/strong> es un bloque de Poliestireno Expandido (EPS) que se utiliza como una soluci\u00f3n constructiva para suelos con baja capacidad de carga, en rellenos, terraplenes, etc.<\/p>\n<p><strong>Product Features<\/strong><\/p>\n<ul>\n<li>EPS: 29 kg\/m3<\/li>\n<li>Resistencia a T\u00e9rmica: 4.41 (m2*K\/W)<\/li>\n<li>Resistenia a la compresi\u00f3n min. al 1% de deformaci\u00f3n: 75 psi<\/li>\n<li>Resistenia a la compresi\u00f3n min. al 5% de deformaci\u00f3n: 170 psi<\/li>\n<\/ul>\n<p><strong>Advantages<\/strong><br \/>\n\u2022 Eliminar la posibilidad de asentamientos durante y despu\u00e9s del proyecto.<br \/>\n\u2022 Disminuci\u00f3n en tiempos de construcci\u00f3n.<br \/>\n\u2022 Ahorro en costos de mantenimiento.<br \/>\n\u2022 F\u00e1cil manejabilidad y colocaci\u00f3n del material, no se requiere la utilizaci\u00f3n de maquinaria especializada.<br \/>\n\u2022 F\u00e1cil transportaci\u00f3n.<\/p>\n<p>&nbsp;<\/p>","protected":false},"excerpt":{"rendered":"<p>Es una soluci\u00f3n integral utilizada principal para estabilizar suelo, su uso se basa en la colocaci\u00f3n de bloques de poliestireno con alta resistencia a la compresi\u00f3n dentro del terrapl\u00e9n. Se usa sobre suelos altamente compresibles, el cual por su baja densidad no trasmite pr\u00e1cticamente presiones al subsuelo, reduciendo asentamientos.<\/p>\n<p><strong>Ventajas principales<\/strong><\/p>\n<ul>\n<li>Material ultraligero.<\/li>\n<li>\u00a0Disminuye las fuerzas laterales.<\/li>\n<li>\u00a0Rigidez a trav\u00e9s del tiempo.<\/li>\n<li>\u00a0Disminuye la presi\u00f3n al sub-suelo.<\/li>\n<\/ul>\n<hr \/>\n<h6><a href=\"https:\/\/covintec.com\/wp-content\/uploads\/2024\/08\/geofoam.pdf\" target=\"_blank\" rel=\"noopener\">Technical Sheet<\/a> \u00a0<i class=\"fa fa-file-pdf-o\"><\/i><\/h6>","protected":false},"featured_media":0,"template":"","meta":{"_joinchat":[]},"product_brand":[],"product_cat":[88],"product_tag":[],"class_list":{"0":"post-2366","1":"product","2":"type-product","3":"status-publish","5":"product_cat-eps","7":"first","8":"instock","9":"shipping-taxable","10":"product-type-external"},"yoast_head":"<!-- This site is optimized with the Yoast SEO plugin v27.4 - https:\/\/yoast.com\/product\/yoast-seo-wordpress\/ -->\n<title>Geofoam - Covintec<\/title>\n<meta name=\"robots\" content=\"index, follow, max-snippet:-1, max-image-preview:large, max-video-preview:-1\" \/>\n<link rel=\"canonical\" href=\"https:\/\/covintec.com\/en\/productos\/geofoam\/\" \/>\n<meta property=\"og:locale\" content=\"en_US\" \/>\n<meta property=\"og:type\" content=\"article\" \/>\n<meta property=\"og:title\" content=\"Geofoam - Covintec\" \/>\n<meta property=\"og:description\" content=\"Es una soluci\u00f3n integral utilizada principal para estabilizar suelo, su uso se basa en la colocaci\u00f3n de bloques de poliestireno con alta resistencia a la compresi\u00f3n dentro del terrapl\u00e9n. Se usa sobre suelos altamente compresibles, el cual por su baja densidad no trasmite pr\u00e1cticamente presiones al subsuelo, reduciendo asentamientos.  Ventajas principales   Material ultraligero.  \u00a0Disminuye las fuerzas laterales.  \u00a0Rigidez a trav\u00e9s del tiempo.  \u00a0Disminuye la presi\u00f3n al sub-suelo.     Ficha Tecnica \u00a0\" \/>\n<meta property=\"og:url\" content=\"https:\/\/covintec.com\/en\/productos\/geofoam\/\" \/>\n<meta property=\"og:site_name\" content=\"Covintec\" \/>\n<meta property=\"article:modified_time\" content=\"2024-12-17T20:04:57+00:00\" \/>\n<meta property=\"og:image\" content=\"https:\/\/covintec.com\/wp-content\/uploads\/2024\/08\/geofoam-scaled.jpg\" \/>\n\t<meta property=\"og:image:width\" content=\"2560\" \/>\n\t<meta property=\"og:image:height\" content=\"1920\" \/>\n\t<meta property=\"og:image:type\" content=\"image\/jpeg\" \/>\n<meta name=\"twitter:card\" content=\"summary_large_image\" \/>\n<meta name=\"twitter:label1\" content=\"Est. reading time\" \/>\n\t<meta name=\"twitter:data1\" content=\"1 minute\" \/>\n<script type=\"application\/ld+json\" class=\"yoast-schema-graph\">{\"@context\":\"https:\\\/\\\/schema.org\",\"@graph\":[{\"@type\":\"WebPage\",\"@id\":\"https:\\\/\\\/covintec.com\\\/productos\\\/geofoam\\\/\",\"url\":\"https:\\\/\\\/covintec.com\\\/productos\\\/geofoam\\\/\",\"name\":\"Geofoam - Covintec\",\"isPartOf\":{\"@id\":\"https:\\\/\\\/covintec.com\\\/#website\"},\"datePublished\":\"2024-08-20T17:17:19+00:00\",\"dateModified\":\"2024-12-17T20:04:57+00:00\",\"breadcrumb\":{\"@id\":\"https:\\\/\\\/covintec.com\\\/productos\\\/geofoam\\\/#breadcrumb\"},\"inLanguage\":\"en-US\",\"potentialAction\":[{\"@type\":\"ReadAction\",\"target\":[\"https:\\\/\\\/covintec.com\\\/productos\\\/geofoam\\\/\"]}]},{\"@type\":\"BreadcrumbList\",\"@id\":\"https:\\\/\\\/covintec.com\\\/productos\\\/geofoam\\\/#breadcrumb\",\"itemListElement\":[{\"@type\":\"ListItem\",\"position\":1,\"name\":\"Portada\",\"item\":\"https:\\\/\\\/covintec.com\\\/\"},{\"@type\":\"ListItem\",\"position\":2,\"name\":\"Productos\",\"item\":\"https:\\\/\\\/covintec.com\\\/productos\\\/\"},{\"@type\":\"ListItem\",\"position\":3,\"name\":\"Geofoam\"}]},{\"@type\":\"WebSite\",\"@id\":\"https:\\\/\\\/covintec.com\\\/#website\",\"url\":\"https:\\\/\\\/covintec.com\\\/\",\"name\":\"Covintec\",\"description\":\"\u00a1Construye f\u00e1cil y r\u00e1pido!\",\"publisher\":{\"@id\":\"https:\\\/\\\/covintec.com\\\/#organization\"},\"potentialAction\":[{\"@type\":\"SearchAction\",\"target\":{\"@type\":\"EntryPoint\",\"urlTemplate\":\"https:\\\/\\\/covintec.com\\\/?s={search_term_string}\"},\"query-input\":{\"@type\":\"PropertyValueSpecification\",\"valueRequired\":true,\"valueName\":\"search_term_string\"}}],\"inLanguage\":\"en-US\"},{\"@type\":\"Organization\",\"@id\":\"https:\\\/\\\/covintec.com\\\/#organization\",\"name\":\"Covintec\",\"url\":\"https:\\\/\\\/covintec.com\\\/\",\"logo\":{\"@type\":\"ImageObject\",\"inLanguage\":\"en-US\",\"@id\":\"https:\\\/\\\/covintec.com\\\/#\\\/schema\\\/logo\\\/image\\\/\",\"url\":\"https:\\\/\\\/covintec.com\\\/wp-content\\\/uploads\\\/2023\\\/07\\\/cropped-favicon-covintec.jpg\",\"contentUrl\":\"https:\\\/\\\/covintec.com\\\/wp-content\\\/uploads\\\/2023\\\/07\\\/cropped-favicon-covintec.jpg\",\"width\":512,\"height\":512,\"caption\":\"Covintec\"},\"image\":{\"@id\":\"https:\\\/\\\/covintec.com\\\/#\\\/schema\\\/logo\\\/image\\\/\"}}]}<\/script>\n<!-- \/ Yoast SEO plugin. -->","yoast_head_json":{"title":"Geofoam - Covintec","robots":{"index":"index","follow":"follow","max-snippet":"max-snippet:-1","max-image-preview":"max-image-preview:large","max-video-preview":"max-video-preview:-1"},"canonical":"https:\/\/covintec.com\/en\/productos\/geofoam\/","og_locale":"en_US","og_type":"article","og_title":"Geofoam - Covintec","og_description":"Es una soluci\u00f3n integral utilizada principal para estabilizar suelo, su uso se basa en la colocaci\u00f3n de bloques de poliestireno con alta resistencia a la compresi\u00f3n dentro del terrapl\u00e9n. Se usa sobre suelos altamente compresibles, el cual por su baja densidad no trasmite pr\u00e1cticamente presiones al subsuelo, reduciendo asentamientos.  Ventajas principales   Material ultraligero.  \u00a0Disminuye las fuerzas laterales.  \u00a0Rigidez a trav\u00e9s del tiempo.  \u00a0Disminuye la presi\u00f3n al sub-suelo.     Ficha Tecnica \u00a0","og_url":"https:\/\/covintec.com\/en\/productos\/geofoam\/","og_site_name":"Covintec","article_modified_time":"2024-12-17T20:04:57+00:00","og_image":[{"width":2560,"height":1920,"url":"https:\/\/covintec.com\/wp-content\/uploads\/2024\/08\/geofoam-scaled.jpg","type":"image\/jpeg"}],"twitter_card":"summary_large_image","twitter_misc":{"Est. reading time":"1 minute"},"schema":{"@context":"https:\/\/schema.org","@graph":[{"@type":"WebPage","@id":"https:\/\/covintec.com\/productos\/geofoam\/","url":"https:\/\/covintec.com\/productos\/geofoam\/","name":"Geofoam - Covintec","isPartOf":{"@id":"https:\/\/covintec.com\/#website"},"datePublished":"2024-08-20T17:17:19+00:00","dateModified":"2024-12-17T20:04:57+00:00","breadcrumb":{"@id":"https:\/\/covintec.com\/productos\/geofoam\/#breadcrumb"},"inLanguage":"en-US","potentialAction":[{"@type":"ReadAction","target":["https:\/\/covintec.com\/productos\/geofoam\/"]}]},{"@type":"BreadcrumbList","@id":"https:\/\/covintec.com\/productos\/geofoam\/#breadcrumb","itemListElement":[{"@type":"ListItem","position":1,"name":"Portada","item":"https:\/\/covintec.com\/"},{"@type":"ListItem","position":2,"name":"Productos","item":"https:\/\/covintec.com\/productos\/"},{"@type":"ListItem","position":3,"name":"Geofoam"}]},{"@type":"WebSite","@id":"https:\/\/covintec.com\/#website","url":"https:\/\/covintec.com\/","name":"Covintec","description":"\u00a1Construye f\u00e1cil y r\u00e1pido!","publisher":{"@id":"https:\/\/covintec.com\/#organization"},"potentialAction":[{"@type":"SearchAction","target":{"@type":"EntryPoint","urlTemplate":"https:\/\/covintec.com\/?s={search_term_string}"},"query-input":{"@type":"PropertyValueSpecification","valueRequired":true,"valueName":"search_term_string"}}],"inLanguage":"en-US"},{"@type":"Organization","@id":"https:\/\/covintec.com\/#organization","name":"Covintec","url":"https:\/\/covintec.com\/","logo":{"@type":"ImageObject","inLanguage":"en-US","@id":"https:\/\/covintec.com\/#\/schema\/logo\/image\/","url":"https:\/\/covintec.com\/wp-content\/uploads\/2023\/07\/cropped-favicon-covintec.jpg","contentUrl":"https:\/\/covintec.com\/wp-content\/uploads\/2023\/07\/cropped-favicon-covintec.jpg","width":512,"height":512,"caption":"Covintec"},"image":{"@id":"https:\/\/covintec.com\/#\/schema\/logo\/image\/"}}]}},"_links":{"self":[{"href":"https:\/\/covintec.com\/en\/wp-json\/wp\/v2\/product\/2366","targetHints":{"allow":["GET"]}}],"collection":[{"href":"https:\/\/covintec.com\/en\/wp-json\/wp\/v2\/product"}],"about":[{"href":"https:\/\/covintec.com\/en\/wp-json\/wp\/v2\/types\/product"}],"wp:attachment":[{"href":"https:\/\/covintec.com\/en\/wp-json\/wp\/v2\/media?parent=2366"}],"wp:term":[{"taxonomy":"product_brand","embeddable":true,"href":"https:\/\/covintec.com\/en\/wp-json\/wp\/v2\/product_brand?post=2366"},{"taxonomy":"product_cat","embeddable":true,"href":"https:\/\/covintec.com\/en\/wp-json\/wp\/v2\/product_cat?post=2366"},{"taxonomy":"product_tag","embeddable":true,"href":"https:\/\/covintec.com\/en\/wp-json\/wp\/v2\/product_tag?post=2366"}],"curies":[{"name":"wp","href":"https:\/\/api.w.org\/{rel}","templated":true}]}}