{"id":2399,"date":"2024-08-20T13:32:53","date_gmt":"2024-08-20T18:32:53","guid":{"rendered":"https:\/\/covintec.com\/?post_type=product&#038;p=2399"},"modified":"2024-12-16T18:19:08","modified_gmt":"2024-12-16T23:19:08","slug":"perla-aligerante","status":"publish","type":"product","link":"https:\/\/covintec.com\/en\/productos\/perla-aligerante\/","title":{"rendered":"Perla Aligerante"},"content":{"rendered":"<p>Es utilizada para fabricar concretos ligeros que reducen la carga muerta en las construcciones y por lo tanto ahorro en elementos tales como la cimentaci\u00f3n, trabes, columnas, losas de azotea y entrepiso.<\/p>\n<p><strong>Product Features<\/strong><br \/>\n\u2022 Aplanados en muros y plafones<br \/>\n\u2022 Aislamiento termico y ac\u00fastico.<br \/>\n\u2022 Nivelaci\u00f3n de pisos y losas.<br \/>\n\u2022 Relleno para ocultar instalaciones.<br \/>\n\u2022 Losas ligeras de azotea.<\/p>","protected":false},"excerpt":{"rendered":"<p>Utilizado como aligerante-aislante, en los entortados de las azoteas, se sustituye la grava de la mezcla por la perla de poliestireno y eso hace la capa m\u00e1s ligera y aislante. La perlita tambi\u00e9n se utiliza como relleno para cojines y mu\u00f1ecos puff.<\/p>\n<hr \/>\n<h6><a href=\"https:\/\/covintec.com\/wp-content\/uploads\/2024\/08\/PERLA.pdf\" target=\"_blank\" rel=\"noopener\">Technical Sheet<\/a> \u00a0<i class=\"fa fa-file-pdf-o\"><\/i><\/h6>","protected":false},"featured_media":0,"template":"","meta":{"_joinchat":[]},"product_brand":[],"product_cat":[88],"product_tag":[],"class_list":{"0":"post-2399","1":"product","2":"type-product","3":"status-publish","5":"product_cat-eps","7":"first","8":"instock","9":"shipping-taxable","10":"product-type-external"},"yoast_head":"<!-- This site is optimized with the Yoast SEO plugin v27.4 - https:\/\/yoast.com\/product\/yoast-seo-wordpress\/ -->\n<title>Perla Aligerante - Covintec<\/title>\n<meta name=\"robots\" content=\"index, follow, max-snippet:-1, max-image-preview:large, max-video-preview:-1\" \/>\n<link rel=\"canonical\" href=\"https:\/\/covintec.com\/en\/productos\/perla-aligerante\/\" \/>\n<meta property=\"og:locale\" content=\"en_US\" \/>\n<meta property=\"og:type\" content=\"article\" \/>\n<meta property=\"og:title\" content=\"Perla Aligerante - Covintec\" \/>\n<meta property=\"og:description\" content=\"Utilizado como aligerante-aislante, en los entortados de las azoteas, se sustituye la grava de la mezcla por la perla de poliestireno y eso hace la capa m\u00e1s ligera y aislante. La perlita tambi\u00e9n se utiliza como relleno para cojines y mu\u00f1ecos puff.    Ficha Tecnica \u00a0\" \/>\n<meta property=\"og:url\" content=\"https:\/\/covintec.com\/en\/productos\/perla-aligerante\/\" \/>\n<meta property=\"og:site_name\" content=\"Covintec\" \/>\n<meta property=\"article:modified_time\" content=\"2024-12-16T23:19:08+00:00\" \/>\n<meta property=\"og:image\" content=\"https:\/\/covintec.com\/wp-content\/uploads\/2024\/10\/bolsa.jpg\" \/>\n\t<meta property=\"og:image:width\" content=\"400\" \/>\n\t<meta property=\"og:image:height\" content=\"400\" \/>\n\t<meta property=\"og:image:type\" content=\"image\/jpeg\" \/>\n<meta name=\"twitter:card\" content=\"summary_large_image\" \/>\n<meta name=\"twitter:label1\" content=\"Est. reading time\" \/>\n\t<meta name=\"twitter:data1\" content=\"1 minute\" \/>\n<script type=\"application\/ld+json\" class=\"yoast-schema-graph\">{\"@context\":\"https:\\\/\\\/schema.org\",\"@graph\":[{\"@type\":\"WebPage\",\"@id\":\"https:\\\/\\\/covintec.com\\\/productos\\\/perla-aligerante\\\/\",\"url\":\"https:\\\/\\\/covintec.com\\\/productos\\\/perla-aligerante\\\/\",\"name\":\"Perla Aligerante - Covintec\",\"isPartOf\":{\"@id\":\"https:\\\/\\\/covintec.com\\\/#website\"},\"datePublished\":\"2024-08-20T18:32:53+00:00\",\"dateModified\":\"2024-12-16T23:19:08+00:00\",\"breadcrumb\":{\"@id\":\"https:\\\/\\\/covintec.com\\\/productos\\\/perla-aligerante\\\/#breadcrumb\"},\"inLanguage\":\"en-US\",\"potentialAction\":[{\"@type\":\"ReadAction\",\"target\":[\"https:\\\/\\\/covintec.com\\\/productos\\\/perla-aligerante\\\/\"]}]},{\"@type\":\"BreadcrumbList\",\"@id\":\"https:\\\/\\\/covintec.com\\\/productos\\\/perla-aligerante\\\/#breadcrumb\",\"itemListElement\":[{\"@type\":\"ListItem\",\"position\":1,\"name\":\"Portada\",\"item\":\"https:\\\/\\\/covintec.com\\\/\"},{\"@type\":\"ListItem\",\"position\":2,\"name\":\"Productos\",\"item\":\"https:\\\/\\\/covintec.com\\\/productos\\\/\"},{\"@type\":\"ListItem\",\"position\":3,\"name\":\"Perla Aligerante\"}]},{\"@type\":\"WebSite\",\"@id\":\"https:\\\/\\\/covintec.com\\\/#website\",\"url\":\"https:\\\/\\\/covintec.com\\\/\",\"name\":\"Covintec\",\"description\":\"\u00a1Construye f\u00e1cil y r\u00e1pido!\",\"publisher\":{\"@id\":\"https:\\\/\\\/covintec.com\\\/#organization\"},\"potentialAction\":[{\"@type\":\"SearchAction\",\"target\":{\"@type\":\"EntryPoint\",\"urlTemplate\":\"https:\\\/\\\/covintec.com\\\/?s={search_term_string}\"},\"query-input\":{\"@type\":\"PropertyValueSpecification\",\"valueRequired\":true,\"valueName\":\"search_term_string\"}}],\"inLanguage\":\"en-US\"},{\"@type\":\"Organization\",\"@id\":\"https:\\\/\\\/covintec.com\\\/#organization\",\"name\":\"Covintec\",\"url\":\"https:\\\/\\\/covintec.com\\\/\",\"logo\":{\"@type\":\"ImageObject\",\"inLanguage\":\"en-US\",\"@id\":\"https:\\\/\\\/covintec.com\\\/#\\\/schema\\\/logo\\\/image\\\/\",\"url\":\"https:\\\/\\\/covintec.com\\\/wp-content\\\/uploads\\\/2023\\\/07\\\/cropped-favicon-covintec.jpg\",\"contentUrl\":\"https:\\\/\\\/covintec.com\\\/wp-content\\\/uploads\\\/2023\\\/07\\\/cropped-favicon-covintec.jpg\",\"width\":512,\"height\":512,\"caption\":\"Covintec\"},\"image\":{\"@id\":\"https:\\\/\\\/covintec.com\\\/#\\\/schema\\\/logo\\\/image\\\/\"}}]}<\/script>\n<!-- \/ Yoast SEO plugin. -->","yoast_head_json":{"title":"Perla Aligerante - Covintec","robots":{"index":"index","follow":"follow","max-snippet":"max-snippet:-1","max-image-preview":"max-image-preview:large","max-video-preview":"max-video-preview:-1"},"canonical":"https:\/\/covintec.com\/en\/productos\/perla-aligerante\/","og_locale":"en_US","og_type":"article","og_title":"Perla Aligerante - Covintec","og_description":"Utilizado como aligerante-aislante, en los entortados de las azoteas, se sustituye la grava de la mezcla por la perla de poliestireno y eso hace la capa m\u00e1s ligera y aislante. La perlita tambi\u00e9n se utiliza como relleno para cojines y mu\u00f1ecos puff.    Ficha Tecnica \u00a0","og_url":"https:\/\/covintec.com\/en\/productos\/perla-aligerante\/","og_site_name":"Covintec","article_modified_time":"2024-12-16T23:19:08+00:00","og_image":[{"width":400,"height":400,"url":"https:\/\/covintec.com\/wp-content\/uploads\/2024\/10\/bolsa.jpg","type":"image\/jpeg"}],"twitter_card":"summary_large_image","twitter_misc":{"Est. reading time":"1 minute"},"schema":{"@context":"https:\/\/schema.org","@graph":[{"@type":"WebPage","@id":"https:\/\/covintec.com\/productos\/perla-aligerante\/","url":"https:\/\/covintec.com\/productos\/perla-aligerante\/","name":"Perla Aligerante - Covintec","isPartOf":{"@id":"https:\/\/covintec.com\/#website"},"datePublished":"2024-08-20T18:32:53+00:00","dateModified":"2024-12-16T23:19:08+00:00","breadcrumb":{"@id":"https:\/\/covintec.com\/productos\/perla-aligerante\/#breadcrumb"},"inLanguage":"en-US","potentialAction":[{"@type":"ReadAction","target":["https:\/\/covintec.com\/productos\/perla-aligerante\/"]}]},{"@type":"BreadcrumbList","@id":"https:\/\/covintec.com\/productos\/perla-aligerante\/#breadcrumb","itemListElement":[{"@type":"ListItem","position":1,"name":"Portada","item":"https:\/\/covintec.com\/"},{"@type":"ListItem","position":2,"name":"Productos","item":"https:\/\/covintec.com\/productos\/"},{"@type":"ListItem","position":3,"name":"Perla Aligerante"}]},{"@type":"WebSite","@id":"https:\/\/covintec.com\/#website","url":"https:\/\/covintec.com\/","name":"Covintec","description":"\u00a1Construye f\u00e1cil y r\u00e1pido!","publisher":{"@id":"https:\/\/covintec.com\/#organization"},"potentialAction":[{"@type":"SearchAction","target":{"@type":"EntryPoint","urlTemplate":"https:\/\/covintec.com\/?s={search_term_string}"},"query-input":{"@type":"PropertyValueSpecification","valueRequired":true,"valueName":"search_term_string"}}],"inLanguage":"en-US"},{"@type":"Organization","@id":"https:\/\/covintec.com\/#organization","name":"Covintec","url":"https:\/\/covintec.com\/","logo":{"@type":"ImageObject","inLanguage":"en-US","@id":"https:\/\/covintec.com\/#\/schema\/logo\/image\/","url":"https:\/\/covintec.com\/wp-content\/uploads\/2023\/07\/cropped-favicon-covintec.jpg","contentUrl":"https:\/\/covintec.com\/wp-content\/uploads\/2023\/07\/cropped-favicon-covintec.jpg","width":512,"height":512,"caption":"Covintec"},"image":{"@id":"https:\/\/covintec.com\/#\/schema\/logo\/image\/"}}]}},"_links":{"self":[{"href":"https:\/\/covintec.com\/en\/wp-json\/wp\/v2\/product\/2399","targetHints":{"allow":["GET"]}}],"collection":[{"href":"https:\/\/covintec.com\/en\/wp-json\/wp\/v2\/product"}],"about":[{"href":"https:\/\/covintec.com\/en\/wp-json\/wp\/v2\/types\/product"}],"wp:attachment":[{"href":"https:\/\/covintec.com\/en\/wp-json\/wp\/v2\/media?parent=2399"}],"wp:term":[{"taxonomy":"product_brand","embeddable":true,"href":"https:\/\/covintec.com\/en\/wp-json\/wp\/v2\/product_brand?post=2399"},{"taxonomy":"product_cat","embeddable":true,"href":"https:\/\/covintec.com\/en\/wp-json\/wp\/v2\/product_cat?post=2399"},{"taxonomy":"product_tag","embeddable":true,"href":"https:\/\/covintec.com\/en\/wp-json\/wp\/v2\/product_tag?post=2399"}],"curies":[{"name":"wp","href":"https:\/\/api.w.org\/{rel}","templated":true}]}}